{"id":44,"date":"2022-07-22T13:52:44","date_gmt":"2022-07-22T13:52:44","guid":{"rendered":"https:\/\/fastwpdemo.com\/newwp\/heritaste\/?page_id=44"},"modified":"2023-03-19T19:03:37","modified_gmt":"2023-03-19T19:03:37","slug":"hakkimizda","status":"publish","type":"page","link":"https:\/\/alararestaurant.com\/uk\/hakkimizda","title":{"rendered":"\u041f\u0440\u043e \u043d\u0430\u0441"},"content":{"rendered":"<div data-elementor-type=\"wp-page\" data-elementor-id=\"44\" class=\"elementor elementor-44\">\n\t\t\t\t\t\t<section class=\"elementor-section elementor-top-section elementor-element elementor-element-6650a3b elementor-section-full_width elementor-section-height-default elementor-section-height-default\" data-id=\"6650a3b\" data-element_type=\"section\">\n\t\t\t\t\t\t<div class=\"elementor-container elementor-column-gap-default\">\n\t\t\t\t\t<div class=\"elementor-column elementor-col-100 elementor-top-column elementor-element elementor-element-68e8402\" data-id=\"68e8402\" data-element_type=\"column\">\n\t\t\t<div class=\"elementor-widget-wrap elementor-element-populated\">\n\t\t\t\t\t\t<div class=\"elementor-element elementor-element-1f6de0b elementor-widget elementor-widget-heritaste_about_us_v2\" data-id=\"1f6de0b\" data-element_type=\"widget\" data-widget_type=\"heritaste_about_us_v2.default\">\n\t\t\t\t<div class=\"elementor-widget-container\">\n\t\t\t\t\t\t\n    <!-- about-style-two -->\n    <section class=\"about-style-two about-page\">\n        <div class=\"auto-container\">\n            <div class=\"row clearfix\">\n                <div class=\"col-lg-6 col-md-12 col-sm-12 image-column\">\n                    <div class=\"image-block-three\">\n                                                <div class=\"image-box\">\n                        \t                            <div class=\"image-shape\" style=\"background-image: url(https:\/\/alararestaurant.com\/wp-content\/themes\/alararestaurant\/assets\/images\/shape\/shape-53.png);\"><\/div>\n                            \t\t\t\t\t\t\t<figure class=\"image image-1\"><img decoding=\"async\" src=\"https:\/\/alararestaurant.com\/wp-content\/uploads\/2023\/03\/51A1651-1-scaled-e1677831821313.jpg\" alt=\"Awesome Image\"><\/figure>                            <figure class=\"image image-2\"><img decoding=\"async\" src=\"https:\/\/alararestaurant.com\/wp-content\/uploads\/2023\/03\/51A1660-scaled-e1677831769611.jpg\" alt=\"Awesome Image\"><\/figure>                                                        <div class=\"text\">\n                            \t                                <div class=\"text-shape\" style=\"background-image: url(https:\/\/alararestaurant.com\/wp-content\/themes\/alararestaurant\/assets\/images\/shape\/shape-54.png);\"><\/div>\n                                                                <span class=\"special-font\">Since 1975<\/span>\n                            <\/div>\n                                                    <\/div>\n                                            <\/div>\n                <\/div>\n                <div class=\"col-lg-6 col-md-12 col-sm-12 content-column\">\n                    <div class=\"content-block-three\">\n                        <div class=\"content-box\">\n                                                        <div class=\"sec-title\">\n                                <span class=\"sub-title\">\u041a\u0440\u0430\u0449\u0430 \u043f\u0440\u0435\u0437\u0435\u043d\u0442\u0430\u0446\u0456\u044f \u043c\u0456\u0441\u0446\u0435\u0432\u0438\u0445 \u0434\u0435\u043b\u0456\u043a\u0430\u0442\u0435\u0441\u0456\u0432<\/span>                                <h2>\u0420\u0435\u0441\u0442\u043e\u0440\u0430\u043d &#034;\u0410\u043b\u0430\u0440\u0430&#034;<\/h2>                            <\/div>\n                                                        <div class=\"inner-box\">\n                                                                <div class=\"shape\" style=\"background-image: url(https:\/\/alararestaurant.com\/wp-content\/themes\/alararestaurant\/assets\/images\/shape\/shape-55.png);\"><\/div>\n                                \t\t\t\t\t\t\t\t                                <div class=\"text\">\n                                    <h5>\u0412\u0438\u0448\u0443\u043a\u0430\u043d\u0430 \u0457\u0436\u0430, \u0443\u043d\u0456\u043a\u0430\u043b\u044c\u043d\u0456 \u0432\u0438\u0434\u0438<\/h5>                                    <p>\u0420\u0435\u0441\u0442\u043e\u0440\u0430\u043d Alara - \u0446\u0435 \u0440\u0435\u0441\u0442\u043e\u0440\u0430\u043d, \u0440\u043e\u0437\u0442\u0430\u0448\u043e\u0432\u0430\u043d\u0438\u0439 \u0432 \u0440\u0430\u0439\u043e\u043d\u0456 \u041c\u0443\u0440\u0430\u0442\u043f\u0430\u0448\u0430 \u0432 \u0410\u043d\u0442\u0430\u043b\u0456\u0457. \u0420\u0435\u0441\u0442\u043e\u0440\u0430\u043d \u043c\u0430\u0454 \u0447\u0443\u0434\u043e\u0432\u0435 \u0440\u043e\u0437\u0442\u0430\u0448\u0443\u0432\u0430\u043d\u043d\u044f \u043d\u0430 \u0431\u0435\u0440\u0435\u0437\u0456 \u043c\u043e\u0440\u044f \u0456 \u043f\u0440\u043e\u043f\u043e\u043d\u0443\u0454 \u0441\u0432\u043e\u0457\u043c \u043a\u043b\u0456\u0454\u043d\u0442\u0430\u043c \u0443\u043d\u0456\u043a\u0430\u043b\u044c\u043d\u0438\u0439 \u0432\u0438\u0434. \u0421\u0442\u0438\u043b\u044c\u043d\u0438\u0439 \u0434\u0435\u043a\u043e\u0440 \u0456 \u0441\u0443\u0447\u0430\u0441\u043d\u0438\u0439 \u0441\u0442\u0438\u043b\u044c \u0440\u0435\u0441\u0442\u043e\u0440\u0430\u043d\u0443 \u0441\u0442\u0432\u043e\u0440\u044e\u044e\u0442\u044c \u043d\u0435\u0432\u0438\u043c\u0443\u0448\u0435\u043d\u0443 \u043e\u0431\u0441\u0442\u0430\u043d\u043e\u0432\u043a\u0443, \u0432 \u044f\u043a\u0456\u0439 \u0432\u0456\u0434\u0432\u0456\u0434\u0443\u0432\u0430\u0447\u0456 \u043c\u043e\u0436\u0443\u0442\u044c \u0456\u0437 \u0437\u0430\u0434\u043e\u0432\u043e\u043b\u0435\u043d\u043d\u044f\u043c \u043f\u043e\u043e\u0431\u0456\u0434\u0430\u0442\u0438.<br><br>\n\u0423 \u0440\u0435\u0441\u0442\u043e\u0440\u0430\u043d\u0456 Alara \u043f\u043e\u0434\u0430\u044e\u0442\u044c \u0441\u0442\u0440\u0430\u0432\u0438 \u0442\u0443\u0440\u0435\u0446\u044c\u043a\u043e\u0457 \u043a\u0443\u0445\u043d\u0456. \u0423 \u0439\u043e\u0433\u043e \u043c\u0435\u043d\u044e \u043f\u0440\u0435\u0434\u0441\u0442\u0430\u0432\u043b\u0435\u043d\u0456 \u043c\u0456\u0441\u0446\u0435\u0432\u0456 \u0441\u0442\u0440\u0430\u0432\u0438, \u0430 \u0442\u0430\u043a\u043e\u0436 \u0443\u043b\u044e\u0431\u043b\u0435\u043d\u0456 \u0441\u0442\u0440\u0430\u0432\u0438 \u0442\u0443\u0440\u0435\u0446\u044c\u043a\u043e\u0457 \u043a\u0443\u0445\u043d\u0456. \u0421\u0442\u0440\u0430\u0432\u0438, \u0432\u043a\u043b\u044e\u0447\u0435\u043d\u0456 \u0432 \u043c\u0435\u043d\u044e \u0440\u0435\u0441\u0442\u043e\u0440\u0430\u043d\u0443, \u0433\u043e\u0442\u0443\u044e\u0442\u044c\u0441\u044f \u0437\u0456 \u0441\u0432\u0456\u0436\u0438\u0445 \u043d\u0430\u0442\u0443\u0440\u0430\u043b\u044c\u043d\u0438\u0445 \u0456\u043d\u0433\u0440\u0435\u0434\u0456\u0454\u043d\u0442\u0456\u0432. \u0422\u0430\u043a\u0438\u043c \u0447\u0438\u043d\u043e\u043c, \u043a\u043b\u0456\u0454\u043d\u0442\u0438 \u0437\u0430\u0432\u0436\u0434\u0438 \u0437\u0430\u0434\u043e\u0432\u043e\u043b\u0435\u043d\u0456 \u0441\u043c\u0430\u043a\u043e\u043c \u0456 \u044f\u043a\u0456\u0441\u0442\u044e \u0441\u0442\u0440\u0430\u0432.<br><br>\n\n\u041e\u043f\u0435\u0440\u0430\u0442\u043e\u0440\u0438 \u0440\u0435\u0441\u0442\u043e\u0440\u0430\u043d\u0443 Alara \u0440\u043e\u0431\u043b\u044f\u0442\u044c \u0432\u0441\u0435 \u043c\u043e\u0436\u043b\u0438\u0432\u0435, \u0449\u043e\u0431 \u0432\u0438\u043f\u0440\u0430\u0432\u0434\u0430\u0442\u0438 \u043e\u0447\u0456\u043a\u0443\u0432\u0430\u043d\u043d\u044f \u0441\u0432\u043e\u0457\u0445 \u043a\u043b\u0456\u0454\u043d\u0442\u0456\u0432. \u041f\u0435\u0440\u0441\u043e\u043d\u0430\u043b \u0440\u0435\u0441\u0442\u043e\u0440\u0430\u043d\u0443 \u043f\u0440\u043e\u043f\u043e\u043d\u0443\u0454 \u0434\u043e\u0431\u0440\u043e\u0437\u0438\u0447\u043b\u0438\u0432\u0435 \u0456 \u0433\u043e\u0441\u0442\u0438\u043d\u043d\u0435 \u043e\u0431\u0441\u043b\u0443\u0433\u043e\u0432\u0443\u0432\u0430\u043d\u043d\u044f. \u041a\u043b\u0456\u0454\u043d\u0442\u0456\u0432 \u0437\u0443\u0441\u0442\u0440\u0456\u0447\u0430\u0454 \u0443\u0432\u0430\u0433\u0443 \u0434\u0440\u0443\u0436\u0435\u043b\u044e\u0431\u043d\u043e\u0433\u043e \u043f\u0435\u0440\u0441\u043e\u043d\u0430\u043b\u0443 \u0440\u0435\u0441\u0442\u043e\u0440\u0430\u043d\u0443, \u0456 \u0432\u043e\u043d\u0438 \u0432\u0456\u0434\u0447\u0443\u0432\u0430\u044e\u0442\u044c \u0441\u0435\u0431\u0435 \u043e\u0441\u043e\u0431\u043b\u0438\u0432\u0438\u043c\u0438.<br><br>\n\n\u0420\u0435\u0441\u0442\u043e\u0440\u0430\u043d Alara \u0442\u0430\u043a\u043e\u0436 \u0454 \u0456\u0434\u0435\u0430\u043b\u044c\u043d\u0438\u043c \u043c\u0456\u0441\u0446\u0435\u043c \u0434\u043b\u044f \u043f\u0440\u043e\u0432\u0435\u0434\u0435\u043d\u043d\u044f \u0441\u043f\u0435\u0446\u0456\u0430\u043b\u044c\u043d\u0438\u0445 \u0437\u0430\u0445\u043e\u0434\u0456\u0432 \u0456 \u0437\u0430\u043f\u0440\u043e\u0448\u0435\u043d\u044c. \u0412 \u0440\u0435\u0441\u0442\u043e\u0440\u0430\u043d\u0456 \u0454 \u0441\u043f\u0435\u0446\u0456\u0430\u043b\u044c\u043d\u0438\u0439 \u0440\u043e\u0437\u0434\u0456\u043b, \u043f\u0440\u0438\u0437\u043d\u0430\u0447\u0435\u043d\u0438\u0439 \u0434\u043b\u044f \u043f\u0440\u0438\u0432\u0430\u0442\u043d\u0438\u0445 \u0437\u0430\u0445\u043e\u0434\u0456\u0432, \u0456 \u0432\u0456\u043d \u043f\u0440\u043e\u043f\u043e\u043d\u0443\u0454 \u0441\u0432\u043e\u0457\u043c \u043a\u043b\u0456\u0454\u043d\u0442\u0430\u043c \u043f\u0440\u043e\u0444\u0435\u0441\u0456\u0439\u043d\u0456 \u043f\u043e\u0441\u043b\u0443\u0433\u0438.<br><br>\n\n\u0412 \u0440\u0435\u0437\u0443\u043b\u044c\u0442\u0430\u0442\u0456 \u0440\u0435\u0441\u0442\u043e\u0440\u0430\u043d Alara \u043f\u0440\u043e\u043f\u043e\u043d\u0443\u0454 \u0441\u0432\u043e\u0457\u043c \u043a\u043b\u0456\u0454\u043d\u0442\u0430\u043c \u043d\u0435\u0437\u0430\u0431\u0443\u0442\u043d\u0456 \u0432\u0440\u0430\u0436\u0435\u043d\u043d\u044f \u0432\u0456\u0434 \u0441\u043c\u0430\u0447\u043d\u043e\u0457 \u0457\u0436\u0456 \u0456 \u043f\u0440\u0435\u043a\u0440\u0430\u0441\u043d\u0438\u0445 \u0432\u0438\u0434\u0456\u0432, \u0440\u043e\u0437\u0442\u0430\u0448\u043e\u0432\u0430\u043d\u0438\u0445 \u0432 \u0410\u043d\u0442\u0430\u043b\u0456\u0457. \u0420\u0435\u0441\u0442\u043e\u0440\u0430\u043d \u0432\u0456\u0434\u043e\u043c\u0438\u0439 \u0441\u0432\u043e\u0457\u043c \u044f\u043a\u0456\u0441\u043d\u0438\u043c \u043e\u0431\u0441\u043b\u0443\u0433\u043e\u0432\u0443\u0432\u0430\u043d\u043d\u044f\u043c \u0456 \u0443\u0432\u0430\u0436\u043d\u0438\u043c \u043e\u0431\u0441\u043b\u0443\u0433\u043e\u0432\u0443\u0432\u0430\u043d\u043d\u044f\u043c \u0456 \u0437\u0430\u0432\u0436\u0434\u0438 \u0454 \u043e\u0434\u043d\u0438\u043c \u0437 \u043d\u0430\u0439\u043a\u0440\u0430\u0449\u0438\u0445 \u0432\u0430\u0440\u0456\u0430\u043d\u0442\u0456\u0432 \u0434\u043b\u044f \u0432\u0456\u0434\u0432\u0456\u0434\u0443\u0432\u0430\u0447\u0456\u0432.<\/p>                                <\/div>\n                                                                                                <ul class=\"list-item clearfix\">\n\t\t\t\t\t\t\t\t\t                                      <li><i class=\"flaticon-chef-1\"><\/i>\u041c\u043e\u0440\u0435, \u0441\u043e\u043d\u0446\u0435, \u0430\u0440\u043e\u043c\u0430\u0442.<\/li>\n                                                                          <li><i class=\"flaticon-restaurant-2\"><\/i>\u0421\u0432\u0456\u0436\u0456 \u0456\u043d\u0433\u0440\u0435\u0434\u0456\u0454\u043d\u0442\u0438, \u0432\u0456\u0434\u043c\u0456\u043d\u043d\u0438\u0439 \u0441\u043c\u0430\u043a.<\/li>\n                                                                          <li><i class=\"flaticon-food-tray\"><\/i>\u041d\u0435\u0437\u0430\u043c\u0456\u043d\u043d\u0438\u0439 \u0430\u0434\u0440\u0435\u0441\u0430 \u0434\u043b\u044f \u043b\u044e\u0431\u0438\u0442\u0435\u043b\u0456\u0432 \u0441\u043c\u0430\u043a\u0443.<\/li>\n                                                                     <\/ul>\n                                                                <div class=\"author-box\">\n                                    <figure class=\"signature\"><img decoding=\"async\" src=\"https:\/\/alararestaurant.com\/wp-content\/uploads\/2022\/08\/signature-3.png\" alt=\"Awesome Image\"><\/figure>                                                                        <div class=\"author-info\">\n                                        <h3>\u0420\u0435\u0441\u0442\u043e\u0440\u0430\u043d &#034;\u0410\u043b\u0430\u0440\u0430&#034;<\/h3>                                        <h6>\/ \u0410\u041d\u0422\u0410\u041b\u042c\u042f<\/h6>                                    <\/div>\n                                                                    <\/div>\n                            <\/div>\n                        <\/div>\n                    <\/div>\n                <\/div>\n            <\/div>\n        <\/div>\n    <\/section>\n    <!-- about-style-two end -->       \n        \n        \t\t\t\t<\/div>\n\t\t\t\t<\/div>\n\t\t\t\t\t<\/div>\n\t\t<\/div>\n\t\t\t\t\t<\/div>\n\t\t<\/section>\n\t\t\t\t<\/div>","protected":false},"excerpt":{"rendered":"<p>Since 1975 Yerel lezzetlerin en g\u00fczel sunumu Alara Restaurant Enfes yemekler, e\u015fsiz manzaralar Alara Restaurant, Antalya&#8217;n\u0131n Muratpa\u015fa il\u00e7esinde yer alan bir restorand\u0131r. Restoran\u0131n, deniz kenar\u0131nda bulunan muhte\u015fem bir konumu vard\u0131r ve m\u00fc\u015fterilerine e\u015fsiz bir manzara sunar. Restoran\u0131n \u015f\u0131k dekorasyonu ve modern tarz\u0131, m\u00fc\u015fterilerin keyifle yemek yiyebilecekleri rahat bir ortam sa\u011flar. Alara Restaurant, T\u00fcrk mutfa\u011f\u0131ndan \u00f6rnekler [&hellip;]<\/p>","protected":false},"author":1,"featured_media":0,"parent":0,"menu_order":0,"comment_status":"closed","ping_status":"closed","template":"tpl-default-elementor.php","meta":{"footnotes":""},"class_list":["post-44","page","type-page","status-publish","hentry"],"_links":{"self":[{"href":"https:\/\/alararestaurant.com\/uk\/wp-json\/wp\/v2\/pages\/44","targetHints":{"allow":["GET"]}}],"collection":[{"href":"https:\/\/alararestaurant.com\/uk\/wp-json\/wp\/v2\/pages"}],"about":[{"href":"https:\/\/alararestaurant.com\/uk\/wp-json\/wp\/v2\/types\/page"}],"author":[{"embeddable":true,"href":"https:\/\/alararestaurant.com\/uk\/wp-json\/wp\/v2\/users\/1"}],"replies":[{"embeddable":true,"href":"https:\/\/alararestaurant.com\/uk\/wp-json\/wp\/v2\/comments?post=44"}],"version-history":[{"count":0,"href":"https:\/\/alararestaurant.com\/uk\/wp-json\/wp\/v2\/pages\/44\/revisions"}],"wp:attachment":[{"href":"https:\/\/alararestaurant.com\/uk\/wp-json\/wp\/v2\/media?parent=44"}],"curies":[{"name":"wp","href":"https:\/\/api.w.org\/{rel}","templated":true}]}}