{"id":51,"date":"2022-07-23T05:44:43","date_gmt":"2022-07-23T05:44:43","guid":{"rendered":"https:\/\/fastwpdemo.com\/newwp\/heritaste\/?page_id=51"},"modified":"2025-02-12T11:04:26","modified_gmt":"2025-02-12T11:04:26","slug":"alara-ataturk-parki","status":"publish","type":"page","link":"https:\/\/alararestaurant.com\/ru\/alara-ataturk-parki","title":{"rendered":"\u041f\u0430\u0440\u043a \u0410\u043b\u0430\u0440\u044b \u0410\u0442\u0430\u0442\u044e\u0440\u043a"},"content":{"rendered":"<div data-elementor-type=\"wp-page\" data-elementor-id=\"51\" class=\"elementor elementor-51\">\n\t\t\t\t\t\t<section class=\"elementor-section elementor-top-section elementor-element elementor-element-52b20e8 elementor-section-full_width elementor-section-height-default elementor-section-height-default\" data-id=\"52b20e8\" data-element_type=\"section\">\n\t\t\t\t\t\t<div class=\"elementor-container elementor-column-gap-default\">\n\t\t\t\t\t<div class=\"elementor-column elementor-col-100 elementor-top-column elementor-element elementor-element-c798b8e\" data-id=\"c798b8e\" data-element_type=\"column\">\n\t\t\t<div class=\"elementor-widget-wrap elementor-element-populated\">\n\t\t\t\t\t\t<div class=\"elementor-element elementor-element-644a2de elementor-widget elementor-widget-heritaste_contact_us\" data-id=\"644a2de\" data-element_type=\"widget\" data-widget_type=\"heritaste_contact_us.default\">\n\t\t\t\t<div class=\"elementor-widget-container\">\n\t\t\t\t\t\t\t\n        <!-- contact-section -->\n        <section class=\"contact-section\">\n            <div class=\"bg-layer\" style=\"background-image: url(https:\/\/alararestaurant.com\/wp-content\/uploads\/2023\/01\/contact-bg.jpg);\"><\/div>            <span class=\"big-text\">\u0421\u0432\u044f\u0437\u044c<\/span>            <div class=\"auto-container\">\n                <div class=\"row clearfix\">\n                    <div class=\"col-lg-6 col-md-12 col-sm-12 info-column\">\n                        <div class=\"info-inner\">\n                            <div class=\"text\">\n                                <h2>\u0421\u0432\u044f\u0437\u044c<\/h2>                                <p>\u0423 \u0432\u0430\u0441 \u0435\u0441\u0442\u044c \u0432\u043e\u043f\u0440\u043e\u0441 \u043e \u043d\u0430\u0448\u0435\u043c \u0441\u0435\u0440\u0432\u0438\u0441\u0435? <br \/>\u041c\u044b \u0437\u0434\u0435\u0441\u044c, \u0447\u0442\u043e\u0431\u044b \u043f\u043e\u043c\u043e\u0447\u044c, \u0441\u0432\u044f\u0436\u0438\u0442\u0435\u0441\u044c \u0441 \u043d\u0430\u043c\u0438 \u0441\u0435\u0433\u043e\u0434\u043d\u044f!.<\/p>                            <\/div>\n                            <ul class=\"info-list clearfix\">\n                                                                <li>\n                                    <div class=\"icon\"><i class=\"flaticon-pin\"><\/i><\/div>\n                                    <h4>\u041d\u0430\u0448 \u0430\u0434\u0440\u0435\u0441<\/h4>\n                                    <p>Bah\u00e7elievler Mahallesi Konyaalt\u0131 Cd. Atat\u00fcrk Park\u0131 \u0130\u00e7i D:25, D:8, 07050 Muratpa\u015fa\/Antalya<\/p>\n<div class=\"link\"><a href=\"https:\/\/www.google.com\/maps\/place\/Alara+Restaurant+Konyaalt%C4%B1\/@36.8838004,30.6887925,15z\/data=!4m2!3m1!1s0x0:0x2b63ef35c98a4a37?sa=X&amp;ved=2ahUKEwi6lfDWuL39AhXSRPEDHTWGDbYQ_BJ6BAhNEAg\" target=\"_blank\">Google Map<\/a><\/div>                                <\/li>\n                                                                <li>\n                                    <div class=\"icon\"><i class=\"flaticon-telephone\"><\/i><\/div>\n                                    <h4>\u0422\u0435\u043b\u0435\u0444\u043e\u043d \u0438 \u044d\u043b\u0435\u043a\u0442\u0440\u043e\u043d\u043d\u0430\u044f \u043f\u043e\u0447\u0442\u0430<\/h4>\n                                    <p><a href=\"tel:02422470101\">02422470101<\/a><br \/><a href=\"mailto:info@alararestaurant.com\">info@alararestaurant.com<\/a><\/p>\n<div class=\"link\"><a href=\"tel:02422470101\">\u0414\u0435\u043a, \u0437\u0432\u043e\u043d\u0438 \u0441\u0435\u0439\u0447\u0430\u0441 \u0436\u0435<\/a><\/div>                                <\/li>\n                                                                <li>\n                                    <div class=\"icon\"><i class=\"flaticon-clock\"><\/i><\/div>\n                                    <h4>\u0412\u0440\u0435\u043c\u044f \u043e\u0442\u043a\u0440\u044b\u0442\u0438\u044f-\u0437\u0430\u043a\u0440\u044b\u0442\u0438\u044f<\/h4>\n                                    <p>\u0415\u0436\u0435\u0434\u043d\u0435\u0432\u043d\u043e: 12.00 - 00.00<\/p>                                <\/li>\n                                                            <\/ul>\n                        <\/div>\n                    <\/div>\n                    <div class=\"col-lg-6 col-md-12 col-sm-12 form-column\">\n                                                <div class=\"form-inner\">\n                            <div class=\"shape\">\n                                <div class=\"shape-1\" style=\"background-image: url(https:\/\/alararestaurant.com\/wp-content\/themes\/alararestaurant\/assets\/images\/shape\/shape-72.png);\"><\/div>\n                                <div class=\"shape-2\" style=\"background-image: url(https:\/\/alararestaurant.com\/wp-content\/themes\/alararestaurant\/assets\/images\/shape\/shape-72.png);\"><\/div>\n                            <\/div>\n                            <h3>\u0414\u0430\u0432\u0430\u0439 \u043f\u043e\u0433\u043e\u0432\u043e\u0440\u0438\u043c!... <br \/>\u041e\u0442\u043f\u0440\u0430\u0432\u044c\u0442\u0435 \u043d\u0430\u043c \u0441\u0432\u043e\u0435 \u0441\u043e\u043e\u0431\u0449\u0435\u043d\u0438\u0435<\/h3>                            \n<div class=\"wpcf7 no-js\" id=\"wpcf7-f758-o1\" lang=\"en-US\" dir=\"ltr\" data-wpcf7-id=\"758\">\n<div class=\"screen-reader-response\"><p role=\"status\" aria-live=\"polite\" aria-atomic=\"true\"><\/p> <ul><\/ul><\/div>\n<form action=\"\/ru\/wp-json\/wp\/v2\/pages\/51#wpcf7-f758-o1\" method=\"post\" class=\"wpcf7-form init\" aria-label=\"Contact form\" novalidate=\"novalidate\" data-status=\"init\" data-trp-original-action=\"\/ru\/wp-json\/wp\/v2\/pages\/51#wpcf7-f758-o1\">\n<fieldset class=\"hidden-fields-container\"><input type=\"hidden\" name=\"_wpcf7\" value=\"758\" \/><input type=\"hidden\" name=\"_wpcf7_version\" value=\"6.1.1\" \/><input type=\"hidden\" name=\"_wpcf7_locale\" value=\"en_US\" \/><input type=\"hidden\" name=\"_wpcf7_unit_tag\" value=\"wpcf7-f758-o1\" \/><input type=\"hidden\" name=\"_wpcf7_container_post\" value=\"0\" \/><input type=\"hidden\" name=\"_wpcf7_posted_data_hash\" value=\"\" \/>\n<\/fieldset>\n<div class=\"row clearfix\">\n\t<div class=\"col-lg-12 col-md-12 col-sm-12 form-group\">\n\t\t<p><span class=\"wpcf7-form-control-wrap\" data-name=\"text-121\"><input size=\"40\" maxlength=\"400\" class=\"wpcf7-form-control wpcf7-text wpcf7-validates-as-required\" aria-required=\"true\" aria-invalid=\"false\" placeholder=\"\u0412\u0430\u0448\u0435 \u0438\u043c\u044f \u0438 \u0444\u0430\u043c\u0438\u043b\u0438\u044f\" value=\"\" type=\"text\" name=\"text-121\" \/><\/span>\n\t\t<\/p>\n\t<\/div>\n\t<div class=\"col-lg-12 col-md-12 col-sm-12 form-group\">\n\t\t<p><span class=\"wpcf7-form-control-wrap\" data-name=\"text-122\"><input size=\"40\" maxlength=\"400\" class=\"wpcf7-form-control wpcf7-text wpcf7-validates-as-required\" aria-required=\"true\" aria-invalid=\"false\" placeholder=\"\u0412\u0430\u0448 \u043d\u043e\u043c\u0435\u0440 \u0442\u0435\u043b\u0435\u0444\u043e\u043d\u0430\" value=\"\" type=\"text\" name=\"text-122\" \/><\/span>\n\t\t<\/p>\n\t<\/div>\n\t<div class=\"col-lg-12 col-md-12 col-sm-12 form-group\">\n\t\t<p><span class=\"wpcf7-form-control-wrap\" data-name=\"email-949\"><input size=\"40\" maxlength=\"400\" class=\"wpcf7-form-control wpcf7-email wpcf7-validates-as-required wpcf7-text wpcf7-validates-as-email\" aria-required=\"true\" aria-invalid=\"false\" placeholder=\"\u0412\u0430\u0448 \u0430\u0434\u0440\u0435\u0441 \u044d\u043b\u0435\u043a\u0442\u0440\u043e\u043d\u043d\u043e\u0439 \u043f\u043e\u0447\u0442\u044b\" value=\"\" type=\"email\" name=\"email-949\" \/><\/span>\n\t\t<\/p>\n\t<\/div>\n\t<div class=\"col-lg-12 col-md-12 col-sm-12 form-group\">\n\t\t<p><span class=\"wpcf7-form-control-wrap\" data-name=\"textarea-713\"><textarea cols=\"40\" rows=\"10\" maxlength=\"2000\" class=\"wpcf7-form-control wpcf7-textarea wpcf7-validates-as-required\" aria-required=\"true\" aria-invalid=\"false\" placeholder=\"\u0412\u0430\u0448\u0435 \u0441\u043e\u043e\u0431\u0449\u0435\u043d\u0438\u0435\" name=\"textarea-713\"><\/textarea><\/span>\n\t\t<\/p>\n\t<\/div>\n\t<div class=\"col-lg-12 col-md-12 col-sm-12 form-group message-btn\">\n\t\t<p><button type=\"submit\" class=\"theme-btn-two\" name=\"submit-form\">\u041e\u0442\u043f\u0440\u0430\u0432\u0438\u0442\u044c \u0441\u043e\u043e\u0431\u0449\u0435\u043d\u0438\u0435<\/button>\n\t\t<\/p>\n\t<\/div>\n<\/div><div class=\"wpcf7-response-output\" aria-hidden=\"true\"><\/div>\n<input type=\"hidden\" name=\"trp-form-language\" value=\"ru\"\/><\/form>\n<\/div>\n                        <\/div>\n                                            <\/div>\n                <\/div>\n            <\/div>\n        <\/section>\n        <!-- contact-section end -->\n                     \n        \t\t\t\t<\/div>\n\t\t\t\t<\/div>\n\t\t\t\t\t<\/div>\n\t\t<\/div>\n\t\t\t\t\t<\/div>\n\t\t<\/section>\n\t\t\t\t<section class=\"elementor-section elementor-top-section elementor-element elementor-element-693f71a elementor-section-full_width elementor-section-height-default elementor-section-height-default\" data-id=\"693f71a\" data-element_type=\"section\">\n\t\t\t\t\t\t<div class=\"elementor-container elementor-column-gap-default\">\n\t\t\t\t\t<div class=\"elementor-column elementor-col-100 elementor-top-column elementor-element elementor-element-e173f6d\" data-id=\"e173f6d\" data-element_type=\"column\">\n\t\t\t<div class=\"elementor-widget-wrap elementor-element-populated\">\n\t\t\t\t\t\t<div class=\"elementor-element elementor-element-c2aa8a9 elementor-widget elementor-widget-heritaste_reserve_section\" data-id=\"c2aa8a9\" data-element_type=\"widget\" data-widget_type=\"heritaste_reserve_section.default\">\n\t\t\t\t<div class=\"elementor-widget-container\">\n\t\t\t\t\t    \n    <!-- reserve-section -->\n    <section class=\"reserve-section\">\n        <div class=\"auto-container\">\n            <div class=\"inner-container\">\n                                <div class=\"bg-layer\" style=\"background-image: url(https:\/\/alararestaurant.com\/wp-content\/uploads\/2023\/03\/DSCF1009.jpg);\"><\/div>\n                                <div class=\"row clearfix\">\n                    <div class=\"col-xl-5 col-lg-12 col-md-12 content-column\">\n                        <div class=\"content-box\">\n                                                        <div class=\"light-icon\"><i class=\"flaticon-restaurant\"><\/i><\/div>\n                            <div class=\"text\">\n                                <h2>\u0417\u0430\u0431\u0440\u043e\u043d\u0438\u0440\u0443\u0439\u0442\u0435 \u0441\u0442\u043e\u043b\u0438\u043a<\/h2>                                <p>\u0421\u043e\u0437\u0434\u0430\u0439\u0442\u0435 \u0438\u043d\u0434\u0438\u0432\u0438\u0434\u0443\u0430\u043b\u044c\u043d\u043e\u0435 \u0431\u0440\u043e\u043d\u0438\u0440\u043e\u0432\u0430\u043d\u0438\u0435 \u0441\u0442\u043e\u043b\u0438\u043a\u043e\u0432 \u043f\u0440\u044f\u043c\u043e \u0432 \u043d\u0430\u0448\u0435\u043c \u0440\u0435\u0441\u0442\u043e\u0440\u0430\u043d\u0435.<\/p>                            <\/div>\n                                                                                    <div class=\"support-box\">\n                                <div class=\"icon-box\"><i class=\"flaticon-dial-pad-1\"><\/i><\/div>\n                                <h6>\u0414\u0435\u043a, \u043f\u043e\u0437\u0432\u043e\u043d\u0438 \u043d\u0430\u043c.<\/h6>                                <h3><a href=\"tel:0242 247 01 01\">0242 247 01 01<\/a><\/h3>                            <\/div>\n                                                                                    <div class=\"btn-box\">\n                                <a href=\"tel:02422470101\" class=\"theme-btn-two\">\u0414\u0415\u041a, \u0417\u0412\u041e\u041d\u0418 \u0421\u0415\u0419\u0427\u0410\u0421 \u0416\u0415<\/a>\n                            <\/div>\n                                                    <\/div>\n                    <\/div>\n                <\/div>\n            <\/div>\n        <\/div>\n    <\/section>\n    <!-- reserve-section end -->\n      \n        \t\t\t\t<\/div>\n\t\t\t\t<\/div>\n\t\t\t\t\t<\/div>\n\t\t<\/div>\n\t\t\t\t\t<\/div>\n\t\t<\/section>\n\t\t\t\t<section class=\"elementor-section elementor-top-section elementor-element elementor-element-d448ceb elementor-section-full_width elementor-section-height-default elementor-section-height-default\" data-id=\"d448ceb\" data-element_type=\"section\">\n\t\t\t\t\t\t<div class=\"elementor-container elementor-column-gap-default\">\n\t\t\t\t\t<div class=\"elementor-column elementor-col-100 elementor-top-column elementor-element elementor-element-46807bc\" data-id=\"46807bc\" data-element_type=\"column\">\n\t\t\t<div class=\"elementor-widget-wrap elementor-element-populated\">\n\t\t\t\t\t\t<div class=\"elementor-element elementor-element-2c22eef elementor-widget elementor-widget-google_maps\" data-id=\"2c22eef\" data-element_type=\"widget\" data-widget_type=\"google_maps.default\">\n\t\t\t\t<div class=\"elementor-widget-container\">\n\t\t\t\t\t\t\t<div class=\"elementor-custom-embed\">\n\t\t\t<iframe loading=\"lazy\"\n\t\t\t\t\tsrc=\"https:\/\/maps.google.com\/maps?q=Alara%20Restaurant%20Konyaalt%C4%B1&#038;t=m&#038;z=16&#038;output=embed&#038;iwloc=near\"\n\t\t\t\t\ttitle=\"Alara Restaurant Konyaalt\u0131\"\n\t\t\t\t\taria-label=\"Alara Restaurant Konyaalt\u0131\"\n\t\t\t><\/iframe>\n\t\t<\/div>\n\t\t\t\t\t\t<\/div>\n\t\t\t\t<\/div>\n\t\t\t\t\t<\/div>\n\t\t<\/div>\n\t\t\t\t\t<\/div>\n\t\t<\/section>\n\t\t\t\t<\/div>","protected":false},"excerpt":{"rendered":"<p>\u0130leti\u015fim \u0130leti\u015fim Hizmetimiz hakk\u0131nda bir sorunuz mu var? Yard\u0131m etmek i\u00e7in buraday\u0131z, bug\u00fcn bize ula\u015f\u0131n!. Adresimiz Bah\u00e7elievler Mahallesi Konyaalt\u0131 Cd. Atat\u00fcrk Park\u0131 \u0130\u00e7i D:25, D:8, 07050 Muratpa\u015fa\/Antalya Google Map Telefon &amp; E-Posta 02422470101info@alararestaurant.com Hemen Ara A\u00e7\u0131l\u0131\u015f-Kapan\u0131\u015f Saatlerimiz Her g\u00fcn: 12.00 &#8211; 00.00 Konu\u015fal\u0131m!&#8230; Mesaj\u0131n\u0131z\u0131 bize g\u00f6nderin Mesaj\u0131 G\u00f6nder Masan\u0131z\u0131 rezerve edin Do\u011frudan restoran\u0131m\u0131zda \u00f6zel masa [&hellip;]<\/p>","protected":false},"author":1,"featured_media":0,"parent":0,"menu_order":0,"comment_status":"closed","ping_status":"closed","template":"tpl-default-elementor.php","meta":{"footnotes":""},"class_list":["post-51","page","type-page","status-publish","hentry"],"_links":{"self":[{"href":"https:\/\/alararestaurant.com\/ru\/wp-json\/wp\/v2\/pages\/51","targetHints":{"allow":["GET"]}}],"collection":[{"href":"https:\/\/alararestaurant.com\/ru\/wp-json\/wp\/v2\/pages"}],"about":[{"href":"https:\/\/alararestaurant.com\/ru\/wp-json\/wp\/v2\/types\/page"}],"author":[{"embeddable":true,"href":"https:\/\/alararestaurant.com\/ru\/wp-json\/wp\/v2\/users\/1"}],"replies":[{"embeddable":true,"href":"https:\/\/alararestaurant.com\/ru\/wp-json\/wp\/v2\/comments?post=51"}],"version-history":[{"count":0,"href":"https:\/\/alararestaurant.com\/ru\/wp-json\/wp\/v2\/pages\/51\/revisions"}],"wp:attachment":[{"href":"https:\/\/alararestaurant.com\/ru\/wp-json\/wp\/v2\/media?parent=51"}],"curies":[{"name":"wp","href":"https:\/\/api.w.org\/{rel}","templated":true}]}}