{"id":70,"date":"2022-07-23T05:56:18","date_gmt":"2022-07-23T05:56:18","guid":{"rendered":"https:\/\/fastwpdemo.com\/newwp\/heritaste\/?page_id=70"},"modified":"2023-03-03T12:10:34","modified_gmt":"2023-03-03T12:10:34","slug":"blog-haberler","status":"publish","type":"page","link":"https:\/\/alararestaurant.com\/en\/blog-haberler","title":{"rendered":"Blog &amp; News"},"content":{"rendered":"<div data-elementor-type=\"wp-page\" data-elementor-id=\"70\" class=\"elementor elementor-70\">\n\t\t\t\t\t\t<section class=\"elementor-section elementor-top-section elementor-element elementor-element-231d6b4 elementor-section-full_width elementor-section-height-default elementor-section-height-default\" data-id=\"231d6b4\" data-element_type=\"section\">\n\t\t\t\t\t\t<div class=\"elementor-container elementor-column-gap-default\">\n\t\t\t\t\t<div class=\"elementor-column elementor-col-100 elementor-top-column elementor-element elementor-element-f5d08b2\" data-id=\"f5d08b2\" data-element_type=\"column\">\n\t\t\t<div class=\"elementor-widget-wrap elementor-element-populated\">\n\t\t\t\t\t\t<div class=\"elementor-element elementor-element-5416e70 elementor-widget elementor-widget-heritaste_latest_news_v3\" data-id=\"5416e70\" data-element_type=\"widget\" data-widget_type=\"heritaste_latest_news_v3.default\">\n\t\t\t\t<div class=\"elementor-widget-container\">\n\t\t\t\t\t\t\n    <!-- news-style-two -->\n    <section class=\"news-style-two blog-page-two\">\n        <div class=\"auto-container\">\n            <div class=\"row clearfix\">\n                                <div class=\"col-lg-4 col-md-6 col-sm-12 news-block\">\n                    <div class=\"news-block-two wow fadeInUp animated\" data-wow-delay=\"00ms\" data-wow-duration=\"1500ms\">\n                        <div class=\"inner-box\">\n                                                        <div class=\"image-box\">\n                                <figure class=\"image\"><a href=\"https:\/\/alararestaurant.com\/en\/antalyanin-guzel-dogasi-esliginde-konumlanan-alara-restaurant.html\"><img fetchpriority=\"high\" decoding=\"async\" width=\"355\" height=\"230\" src=\"https:\/\/alararestaurant.com\/wp-content\/uploads\/2023\/03\/DSCF1016-355x230.jpg\" class=\"attachment-heritaste_355x230 size-heritaste_355x230 wp-post-image\" alt=\"\" \/><\/a><\/figure>\n                                <div class=\"tags\"><a href=\"https:\/\/alararestaurant.com\/en\/kategori\/alara-restaurant\" rel=\"category tag\">Alara Restaurant<\/a><\/div>\n                            <\/div>\n                                                        <div class=\"lower-content\">\n                                <div class=\"upper-box\">\n                                    <h3><a href=\"https:\/\/alararestaurant.com\/en\/antalyanin-guzel-dogasi-esliginde-konumlanan-alara-restaurant.html\">Set in Antalya to enjoy the beautiful nature of Alara Restaurant<\/a><\/h3>\n                                    <ul class=\"post-info clearfix\">\n                                        <li>March 3, 2023<\/li>\n                                        <li><a href=\"https:\/\/alararestaurant.com\/en\/author\/alararestaurant\">by admin<\/a><\/li>\n                                    <\/ul>\n                                <\/div>\n                                <div class=\"text\">\n                                    <p>Antalya Alara Restaurant, Antalya&#8217;n\u0131n e\u015fsiz do\u011fal g\u00fczellikleri ile Akdeniz mutfa\u011f\u0131n\u0131n en lezzetli ...<\/p>\n                                    <a href=\"https:\/\/alararestaurant.com\/en\/antalyanin-guzel-dogasi-esliginde-konumlanan-alara-restaurant.html\"><span>Read More<\/span><\/a>\n                                <\/div>\n                            <\/div>\n                        <\/div>\n                    <\/div>\n                <\/div>\n                            <\/div>\n                        <div class=\"pagination-wrapper centred\">\n                <div class=\"pagination clearfix\">\n                                    <\/div>\n            <\/div>\n                    <\/div>\n    <\/section>\n    <!-- news-style-two end -->\n        \n               \n        \t\t\t\t<\/div>\n\t\t\t\t<\/div>\n\t\t\t\t\t<\/div>\n\t\t<\/div>\n\t\t\t\t\t<\/div>\n\t\t<\/section>\n\t\t\t\t<\/div>","protected":false},"excerpt":{"rendered":"","protected":false},"author":1,"featured_media":0,"parent":0,"menu_order":0,"comment_status":"closed","ping_status":"closed","template":"tpl-default-elementor.php","meta":{"footnotes":""},"class_list":["post-70","page","type-page","status-publish","hentry"],"_links":{"self":[{"href":"https:\/\/alararestaurant.com\/en\/wp-json\/wp\/v2\/pages\/70","targetHints":{"allow":["GET"]}}],"collection":[{"href":"https:\/\/alararestaurant.com\/en\/wp-json\/wp\/v2\/pages"}],"about":[{"href":"https:\/\/alararestaurant.com\/en\/wp-json\/wp\/v2\/types\/page"}],"author":[{"embeddable":true,"href":"https:\/\/alararestaurant.com\/en\/wp-json\/wp\/v2\/users\/1"}],"replies":[{"embeddable":true,"href":"https:\/\/alararestaurant.com\/en\/wp-json\/wp\/v2\/comments?post=70"}],"version-history":[{"count":0,"href":"https:\/\/alararestaurant.com\/en\/wp-json\/wp\/v2\/pages\/70\/revisions"}],"wp:attachment":[{"href":"https:\/\/alararestaurant.com\/en\/wp-json\/wp\/v2\/media?parent=70"}],"curies":[{"name":"wp","href":"https:\/\/api.w.org\/{rel}","templated":true}]}}