{"id":31,"date":"2022-07-22T13:44:47","date_gmt":"2022-07-22T13:44:47","guid":{"rendered":"https:\/\/fastwpdemo.com\/newwp\/heritaste\/?page_id=31"},"modified":"2025-02-12T11:07:08","modified_gmt":"2025-02-12T11:07:08","slug":"anasayfa","status":"publish","type":"page","link":"https:\/\/alararestaurant.com\/en\/","title":{"rendered":"Homepage"},"content":{"rendered":"<div data-elementor-type=\"wp-page\" data-elementor-id=\"31\" class=\"elementor elementor-31\">\n\t\t\t\t\t\t<section class=\"elementor-section elementor-top-section elementor-element elementor-element-981ce52 elementor-section-full_width elementor-section-height-default elementor-section-height-default\" data-id=\"981ce52\" data-element_type=\"section\">\n\t\t\t\t\t\t<div class=\"elementor-container elementor-column-gap-default\">\n\t\t\t\t\t<div class=\"elementor-column elementor-col-100 elementor-top-column elementor-element elementor-element-97b0b42\" data-id=\"97b0b42\" data-element_type=\"column\">\n\t\t\t<div class=\"elementor-widget-wrap elementor-element-populated\">\n\t\t\t\t\t\t<div class=\"elementor-element elementor-element-9821fd2 elementor-widget elementor-widget-heritaste_banner_v3\" data-id=\"9821fd2\" data-element_type=\"widget\" data-widget_type=\"heritaste_banner_v3.default\">\n\t\t\t\t<div class=\"elementor-widget-container\">\n\t\t\t\t\t    \n    <!-- banner-section -->\n    <section class=\"banner-style-three\">\n        <div class=\"banner-carousel owl-theme owl-carousel owl-nav-none\">\n                        <div class=\"slide-item\">\n                                <div class=\"image-layer\" style=\"background-image:url(https:\/\/alararestaurant.com\/wp-content\/uploads\/2023\/03\/DSCF1016.jpg)\"><\/div>\n                                <div class=\"content-inner\">\n                    <div class=\"content-box\">\n                        <h2>Alara Antalya Restaurant<\/h2>\n                        <p>It is a wonderful sight to complement your dining experience<\/p>\n                                            <\/div>  \n                <\/div>\n            <\/div>\n                        <div class=\"slide-item style-two\">\n                                <div class=\"image-layer\" style=\"background-image:url(https:\/\/alararestaurant.com\/wp-content\/uploads\/2023\/03\/8C1A9056.jpg)\"><\/div>\n                                <div class=\"content-inner\">\n                    <div class=\"content-box\">\n                        <h2>Unique Mediterranean cuisine<\/h2>\n                        <p>Most samples is a great restaurant that offers delicious.<\/p>\n                                            <\/div>  \n                <\/div>\n            <\/div>\n                    <\/div>\n    <\/section>\n    <!-- banner-section end -->\n        \n        \t\t\t\t<\/div>\n\t\t\t\t<\/div>\n\t\t\t\t\t<\/div>\n\t\t<\/div>\n\t\t\t\t\t<\/div>\n\t\t<\/section>\n\t\t\t\t<section class=\"elementor-section elementor-top-section elementor-element elementor-element-64a4482 elementor-section-full_width elementor-section-height-default elementor-section-height-default\" data-id=\"64a4482\" data-element_type=\"section\">\n\t\t\t\t\t\t<div class=\"elementor-container elementor-column-gap-default\">\n\t\t\t\t\t<div class=\"elementor-column elementor-col-100 elementor-top-column elementor-element elementor-element-39fe7d1\" data-id=\"39fe7d1\" data-element_type=\"column\">\n\t\t\t<div class=\"elementor-widget-wrap elementor-element-populated\">\n\t\t\t\t\t\t<div class=\"elementor-element elementor-element-56da2c0 elementor-widget elementor-widget-heritaste_about_us_v2\" data-id=\"56da2c0\" data-element_type=\"widget\" data-widget_type=\"heritaste_about_us_v2.default\">\n\t\t\t\t<div class=\"elementor-widget-container\">\n\t\t\t\t\t\t\n    <!-- about-style-two -->\n    <section class=\"about-style-two about-page\">\n        <div class=\"auto-container\">\n            <div class=\"row clearfix\">\n                <div class=\"col-lg-6 col-md-12 col-sm-12 image-column\">\n                    <div class=\"image-block-three\">\n                                                <div class=\"image-box\">\n                        \t                            <div class=\"image-shape\" style=\"background-image: url(https:\/\/alararestaurant.com\/wp-content\/themes\/alararestaurant\/assets\/images\/shape\/shape-53.png);\"><\/div>\n                            \t\t\t\t\t\t\t                            <figure class=\"image image-2\"><img decoding=\"async\" src=\"https:\/\/alararestaurant.com\/wp-content\/uploads\/2023\/03\/51A1651-scaled.jpg\" alt=\"Awesome Image\"><\/figure>                                                        <div class=\"text\">\n                            \t                                <div class=\"text-shape\" style=\"background-image: url(https:\/\/alararestaurant.com\/wp-content\/themes\/alararestaurant\/assets\/images\/shape\/shape-54.png);\"><\/div>\n                                                                <span class=\"special-font\">Since 1975<\/span>\n                            <\/div>\n                                                    <\/div>\n                                            <\/div>\n                <\/div>\n                <div class=\"col-lg-6 col-md-12 col-sm-12 content-column\">\n                    <div class=\"content-block-three\">\n                        <div class=\"content-box\">\n                                                        <div class=\"sec-title\">\n                                <span class=\"sub-title\">The most beautiful presentation of the local flavor<\/span>                                <h2>Alara Restaurant<\/h2>                            <\/div>\n                                                        <div class=\"inner-box\">\n                                                                <div class=\"shape\" style=\"background-image: url(https:\/\/alararestaurant.com\/wp-content\/themes\/alararestaurant\/assets\/images\/shape\/shape-55.png);\"><\/div>\n                                \t\t\t\t\t\t\t\t                                <div class=\"text\">\n                                    <h5>Exquisite cuisine, unique landscapes<\/h5>                                    <p>Alara Restaurant, Muratpa\u015fa, Antalya district, there is a restaurant. The restaurant has a great location at the edge of the sea and it offers a unique view to its customers. The elegant modern style of the restaurant decoration with customers, provides a comfortable environment where they can enjoy their food.<br><br>\nAlara Restaurant, a restaurant offering Turkish cuisine. The menu of regional dishes, as well as the most popular dishes of Turkish cuisine. On the menu of the restaurant dishes are prepared using fresh and natural ingredients. In this way, customers are satisfied and any time it comes to the taste of the food quality.<\/p>                                <\/div>\n                                                                                                <ul class=\"list-item clearfix\">\n\t\t\t\t\t\t\t\t\t                                      <li><i class=\"flaticon-chef-1\"><\/i>The Sea, The Sun, the flavor.<\/li>\n                                                                          <li><i class=\"flaticon-restaurant-2\"><\/i>Fresh ingredients, great flavors.<\/li>\n                                                                          <li><i class=\"flaticon-food-tray\"><\/i>An indispensable address for flavor lovers.<\/li>\n                                                                     <\/ul>\n                                                                <div class=\"author-box\">\n                                    <figure class=\"signature\"><img decoding=\"async\" src=\"https:\/\/alararestaurant.com\/wp-content\/uploads\/2022\/08\/signature-3.png\" alt=\"Awesome Image\"><\/figure>                                                                        <div class=\"author-info\">\n                                        <h3>Alara Restaurant<\/h3>                                        <h6>\/ ANTALYA<\/h6>                                    <\/div>\n                                                                    <\/div>\n                            <\/div>\n                        <\/div>\n                    <\/div>\n                <\/div>\n            <\/div>\n        <\/div>\n    <\/section>\n    <!-- about-style-two end -->       \n        \n        \t\t\t\t<\/div>\n\t\t\t\t<\/div>\n\t\t\t\t\t<\/div>\n\t\t<\/div>\n\t\t\t\t\t<\/div>\n\t\t<\/section>\n\t\t\t\t<section class=\"elementor-section elementor-top-section elementor-element elementor-element-4381c87 elementor-section-full_width elementor-section-height-default elementor-section-height-default\" data-id=\"4381c87\" data-element_type=\"section\">\n\t\t\t\t\t\t<div class=\"elementor-container elementor-column-gap-default\">\n\t\t\t\t\t<div class=\"elementor-column elementor-col-100 elementor-top-column elementor-element elementor-element-c0018b9\" data-id=\"c0018b9\" data-element_type=\"column\">\n\t\t\t<div class=\"elementor-widget-wrap elementor-element-populated\">\n\t\t\t\t\t\t<div class=\"elementor-element elementor-element-ef199cd elementor-widget elementor-widget-heritaste_why_choose_us\" data-id=\"ef199cd\" data-element_type=\"widget\" data-widget_type=\"heritaste_why_choose_us.default\">\n\t\t\t\t<div class=\"elementor-widget-container\">\n\t\t\t\t\t    \n    <!-- chooseus-section -->\n    <section class=\"chooseus-section bg-color-1\">\n        <div class=\"auto-container\">\n            <div class=\"row clearfix\">\n                                <div class=\"col-lg-4 col-md-6 col-sm-12 chooseus-block\">\n                    <div class=\"chooseus-block-one wow fadeInLeft animated\" data-wow-delay=\"600ms\" data-wow-duration=\"1500ms\">\n                        <div class=\"inner-box\">\n                            <div class=\"shape\" style=\"background-image: url(https:\/\/alararestaurant.com\/wp-content\/themes\/alararestaurant\/assets\/images\/shape\/shape-39.png);\"><\/div>\n                            <div class=\"icon-box\">\n                                <span class=\"count-text special-font\">01<\/span>\n                                <div class=\"icon\"><i class=\"flaticon-clock\"><\/i><\/div>\n                            <\/div>\n                            <h3>Unique Mediterranean cuisine<\/h3>                            <p>Alara Restaurant is a great restaurant that offers delicious samples of Mediterranean cuisine unique.<\/p>                            <a href=\"tel:(0242)%20247%2001%2001\" class=\"theme-btn-one\"><span>DEC IMMEDIATELY<\/span><\/a>                        <\/div>\n                    <\/div>\n                <\/div>\n                                <div class=\"col-lg-4 col-md-6 col-sm-12 chooseus-block\">\n                    <div class=\"chooseus-block-one wow fadeInLeft animated\" data-wow-delay=\"600ms\" data-wow-duration=\"1500ms\">\n                        <div class=\"inner-box\">\n                            <div class=\"shape\" style=\"background-image: url(https:\/\/alararestaurant.com\/wp-content\/themes\/alararestaurant\/assets\/images\/shape\/shape-39.png);\"><\/div>\n                            <div class=\"icon-box\">\n                                <span class=\"count-text special-font\">02<\/span>\n                                <div class=\"icon\"><i class=\"flaticon-rice\"><\/i><\/div>\n                            <\/div>\n                            <h3>Experienced chefs fresh, local ingredients<\/h3>                            <p>The restaurant&#039;s experienced chefs Alara fresh, using local ingredients to prepare the most delicious dishes.<\/p>                            <a href=\"tel:(0242)%20247%2001%2001\" class=\"theme-btn-one\"><span>DEC IMMEDIATELY<\/span><\/a>                        <\/div>\n                    <\/div>\n                <\/div>\n                                <div class=\"col-lg-4 col-md-6 col-sm-12 chooseus-block\">\n                    <div class=\"chooseus-block-one wow fadeInLeft animated\" data-wow-delay=\"600ms\" data-wow-duration=\"1500ms\">\n                        <div class=\"inner-box\">\n                            <div class=\"shape\" style=\"background-image: url(https:\/\/alararestaurant.com\/wp-content\/themes\/alararestaurant\/assets\/images\/shape\/shape-39.png);\"><\/div>\n                            <div class=\"icon-box\">\n                                <span class=\"count-text special-font\">03<\/span>\n                                <div class=\"icon\"><i class=\"flaticon-candle\"><\/i><\/div>\n                            <\/div>\n                            <h3>Enjoy the beautiful nature of Antalya<\/h3>                            <p>Set in Antalya to enjoy the beautiful nature of Alara Restaurant offers delicious food and a memorable dining experience with wonderful views.\n<\/p>                            <a href=\"tel:(0242)%20247%2001%2001\" class=\"theme-btn-one\"><span>DEC IMMEDIATELY<\/span><\/a>                        <\/div>\n                    <\/div>\n                <\/div>\n                            <\/div>\n        <\/div>\n    <\/section>\n    <!-- chooseus-section end -->\n        \n            \n        \t\t\t\t<\/div>\n\t\t\t\t<\/div>\n\t\t\t\t<div class=\"elementor-element elementor-element-fc2b0c5 elementor-widget elementor-widget-heading\" data-id=\"fc2b0c5\" data-element_type=\"widget\" data-widget_type=\"heading.default\">\n\t\t\t\t<div class=\"elementor-widget-container\">\n\t\t\t\t\t<h2 class=\"elementor-heading-title elementor-size-default\">Evaluations From Our Customers<\/h2>\t\t\t\t<\/div>\n\t\t\t\t<\/div>\n\t\t\t\t\t<\/div>\n\t\t<\/div>\n\t\t\t\t\t<\/div>\n\t\t<\/section>\n\t\t\t\t<section class=\"elementor-section elementor-top-section elementor-element elementor-element-3bb21f5 elementor-section-boxed elementor-section-height-default elementor-section-height-default\" data-id=\"3bb21f5\" data-element_type=\"section\">\n\t\t\t\t\t\t<div class=\"elementor-container elementor-column-gap-default\">\n\t\t\t\t\t<div class=\"elementor-column elementor-col-100 elementor-top-column elementor-element elementor-element-cb25505\" data-id=\"cb25505\" data-element_type=\"column\">\n\t\t\t<div class=\"elementor-widget-wrap elementor-element-populated\">\n\t\t\t\t\t\t<div class=\"elementor-element elementor-element-b0a7a73 elementor-widget elementor-widget-heritaste_our_testimonial_v1\" data-id=\"b0a7a73\" data-element_type=\"widget\" data-widget_type=\"heritaste_our_testimonial_v1.default\">\n\t\t\t\t<div class=\"elementor-widget-container\">\n\t\t\t\t\t\t\t\n    <!-- testimonial-section -->\n    <section class=\"testimonial-section centred\">\n                        <div class=\"quote\">\n            <div class=\"quote-1\" style=\"background-image: url(https:\/\/alararestaurant.com\/wp-content\/themes\/alararestaurant\/assets\/images\/icons\/icon-6.png);\"><\/div>\n            <div class=\"quote-2\" style=\"background-image: url(https:\/\/alararestaurant.com\/wp-content\/themes\/alararestaurant\/assets\/images\/icons\/icon-7.png);\"><\/div>\n        <\/div>\n                        <div class=\"auto-container\">\n            <div class=\"inner-container\">\n                <div class=\"single-item-carousel owl-carousel owl-theme nav-style-one owl-dots-none\">\n                                        <div class=\"testimonial-block-one\">\n                        <div class=\"inner-box\">\n                            <div class=\"bg-shape\" style=\"background-image: url(https:\/\/alararestaurant.com\/wp-content\/themes\/alararestaurant\/assets\/images\/shape\/shape-13.png);\"><\/div>\n                            <figure class=\"thumb-box\"><\/figure>                            \n                            <ul class=\"rating clearfix\">\n\t\t\t\t\t\t\t\t<li><i class=\"flaticon-star\"><\/i><\/li><li><i class=\"flaticon-star\"><\/i><\/li><li><i class=\"flaticon-star\"><\/i><\/li><li><i class=\"flaticon-star\"><\/i><\/li><li><i class=\"flaticon-star\"><\/i><\/li> \n                            <\/ul>                           \n                            <p>At the entrance is a place that may affect you more. Welcome and attention at the highest level. The scenery is marvelous. The food really was delicious. I wouldn&#039;t say the price is too expensive.<\/p>\n                            <h3>Burhanettin C.<\/h3>\n                            <span class=\"designation\"><\/span>\n                        <\/div>\n                    <\/div>\n                                        <div class=\"testimonial-block-one\">\n                        <div class=\"inner-box\">\n                            <div class=\"bg-shape\" style=\"background-image: url(https:\/\/alararestaurant.com\/wp-content\/themes\/alararestaurant\/assets\/images\/shape\/shape-13.png);\"><\/div>\n                            <figure class=\"thumb-box\"><\/figure>                            \n                            <ul class=\"rating clearfix\">\n\t\t\t\t\t\t\t\t<li><i class=\"flaticon-star\"><\/i><\/li><li><i class=\"flaticon-star\"><\/i><\/li><li><i class=\"flaticon-star\"><\/i><\/li><li><i class=\"flaticon-star\"><\/i><\/li><li><i class=\"flaticon-star\"><\/i><\/li> \n                            <\/ul>                           \n                            <p>We had our Christmas night the restaurant ALARA 2023 introduction..full.. the venue was decorated prepared for New Year&#039;s Eve Guests, it&#039;s not an ordinary dinner, a special night of entertainment, they came to ...<\/p>\n                            <h3>G\u00fcrol G.<\/h3>\n                            <span class=\"designation\"><\/span>\n                        <\/div>\n                    <\/div>\n                                        <div class=\"testimonial-block-one\">\n                        <div class=\"inner-box\">\n                            <div class=\"bg-shape\" style=\"background-image: url(https:\/\/alararestaurant.com\/wp-content\/themes\/alararestaurant\/assets\/images\/shape\/shape-13.png);\"><\/div>\n                            <figure class=\"thumb-box\"><\/figure>                            \n                            <ul class=\"rating clearfix\">\n\t\t\t\t\t\t\t\t<li><i class=\"flaticon-star\"><\/i><\/li><li><i class=\"flaticon-star\"><\/i><\/li><li><i class=\"flaticon-star\"><\/i><\/li><li><i class=\"flaticon-star\"><\/i><\/li><li><i class=\"flaticon-star\"><\/i><\/li> \n                            <\/ul>                           \n                            <p>Everything was great, and the fish entrees were delicious.The gentleman who interviewed us for booking and we take care of the lady that was very kind.Thank you so much for everything.<\/p>\n                            <h3>Mayday T.<\/h3>\n                            <span class=\"designation\"><\/span>\n                        <\/div>\n                    <\/div>\n                                        <div class=\"testimonial-block-one\">\n                        <div class=\"inner-box\">\n                            <div class=\"bg-shape\" style=\"background-image: url(https:\/\/alararestaurant.com\/wp-content\/themes\/alararestaurant\/assets\/images\/shape\/shape-13.png);\"><\/div>\n                            <figure class=\"thumb-box\"><\/figure>                            \n                            <ul class=\"rating clearfix\">\n\t\t\t\t\t\t\t\t<li><i class=\"flaticon-star\"><\/i><\/li><li><i class=\"flaticon-star\"><\/i><\/li><li><i class=\"flaticon-star\"><\/i><\/li><li><i class=\"flaticon-star\"><\/i><\/li><li><i class=\"flaticon-star\"><\/i><\/li> \n                            <\/ul>                           \n                            <p>Restaurant of the year in the Atat\u00fcrk Park.The scenery is spectacular, the weather is nice if your meal is definitely out there...I would recommend eating mainly fish, but the menu is very rich in meat.Prices appetizers successful in today&#039;s conditions ...<\/p>\n                            <h3>Fahrettin S.<\/h3>\n                            <span class=\"designation\"><\/span>\n                        <\/div>\n                    <\/div>\n                                        <div class=\"testimonial-block-one\">\n                        <div class=\"inner-box\">\n                            <div class=\"bg-shape\" style=\"background-image: url(https:\/\/alararestaurant.com\/wp-content\/themes\/alararestaurant\/assets\/images\/shape\/shape-13.png);\"><\/div>\n                            <figure class=\"thumb-box\"><\/figure>                            \n                            <ul class=\"rating clearfix\">\n\t\t\t\t\t\t\t\t<li><i class=\"flaticon-star\"><\/i><\/li><li><i class=\"flaticon-star\"><\/i><\/li><li><i class=\"flaticon-star\"><\/i><\/li><li><i class=\"flaticon-star\"><\/i><\/li><li><i class=\"flaticon-star\"><\/i><\/li> \n                            <\/ul>                           \n                            <p>The bottom of the cliffs, spectacular views, fresh sea air and sea bream is delicious... I came with my girlfriend. It was a beautiful moment...<\/p>\n                            <h3>\ua9c1 Diamond E.<\/h3>\n                            <span class=\"designation\"><\/span>\n                        <\/div>\n                    <\/div>\n                     \n                <\/div>\n            <\/div>\n        <\/div>\n    <\/section>\n    <!-- testimonial-section end -->        \n        \n        \n        \t\t\t\t<\/div>\n\t\t\t\t<\/div>\n\t\t\t\t\t<\/div>\n\t\t<\/div>\n\t\t\t\t\t<\/div>\n\t\t<\/section>\n\t\t\t\t<section class=\"elementor-section elementor-top-section elementor-element elementor-element-fa132d4 elementor-section-full_width elementor-section-height-default elementor-section-height-default\" data-id=\"fa132d4\" data-element_type=\"section\">\n\t\t\t\t\t\t<div class=\"elementor-container elementor-column-gap-default\">\n\t\t\t\t\t<div class=\"elementor-column elementor-col-100 elementor-top-column elementor-element elementor-element-8dd8b7d\" data-id=\"8dd8b7d\" data-element_type=\"column\">\n\t\t\t<div class=\"elementor-widget-wrap elementor-element-populated\">\n\t\t\t\t\t\t<div class=\"elementor-element elementor-element-43c3ca6 elementor-widget elementor-widget-google_maps\" data-id=\"43c3ca6\" data-element_type=\"widget\" data-widget_type=\"google_maps.default\">\n\t\t\t\t<div class=\"elementor-widget-container\">\n\t\t\t\t\t\t\t<div class=\"elementor-custom-embed\">\n\t\t\t<iframe loading=\"lazy\"\n\t\t\t\t\tsrc=\"https:\/\/maps.google.com\/maps?q=Alara%20Restaurant%20Konyaalt%C4%B1&#038;t=m&#038;z=16&#038;output=embed&#038;iwloc=near\"\n\t\t\t\t\ttitle=\"Alara Restaurant Konyaalt\u0131\"\n\t\t\t\t\taria-label=\"Alara Restaurant Konyaalt\u0131\"\n\t\t\t><\/iframe>\n\t\t<\/div>\n\t\t\t\t\t\t<\/div>\n\t\t\t\t<\/div>\n\t\t\t\t\t<\/div>\n\t\t<\/div>\n\t\t\t\t\t<\/div>\n\t\t<\/section>\n\t\t\t\t<\/div>","protected":false},"excerpt":{"rendered":"<p>Antalya Alara Restaurant Yemek deneyiminizi tamamlayacak harika bir manzara E\u015fsiz Akdeniz mutfa\u011f\u0131 En lezzetli \u00f6rneklerini sunan harika bir restoran. Since 1975 Yerel lezzetlerin en g\u00fczel sunumu Alara Restaurant Enfes yemekler, e\u015fsiz manzaralar Alara Restaurant, Antalya&#8217;n\u0131n Muratpa\u015fa il\u00e7esinde yer alan bir restorand\u0131r. Restoran\u0131n, deniz kenar\u0131nda bulunan muhte\u015fem bir konumu vard\u0131r ve m\u00fc\u015fterilerine e\u015fsiz bir manzara sunar. [&hellip;]<\/p>","protected":false},"author":1,"featured_media":0,"parent":0,"menu_order":0,"comment_status":"closed","ping_status":"closed","template":"elementor_header_footer","meta":{"footnotes":""},"class_list":["post-31","page","type-page","status-publish","hentry"],"_links":{"self":[{"href":"https:\/\/alararestaurant.com\/en\/wp-json\/wp\/v2\/pages\/31","targetHints":{"allow":["GET"]}}],"collection":[{"href":"https:\/\/alararestaurant.com\/en\/wp-json\/wp\/v2\/pages"}],"about":[{"href":"https:\/\/alararestaurant.com\/en\/wp-json\/wp\/v2\/types\/page"}],"author":[{"embeddable":true,"href":"https:\/\/alararestaurant.com\/en\/wp-json\/wp\/v2\/users\/1"}],"replies":[{"embeddable":true,"href":"https:\/\/alararestaurant.com\/en\/wp-json\/wp\/v2\/comments?post=31"}],"version-history":[{"count":0,"href":"https:\/\/alararestaurant.com\/en\/wp-json\/wp\/v2\/pages\/31\/revisions"}],"wp:attachment":[{"href":"https:\/\/alararestaurant.com\/en\/wp-json\/wp\/v2\/media?parent=31"}],"curies":[{"name":"wp","href":"https:\/\/api.w.org\/{rel}","templated":true}]}}