{"id":44,"date":"2022-07-22T13:52:44","date_gmt":"2022-07-22T13:52:44","guid":{"rendered":"https:\/\/fastwpdemo.com\/newwp\/heritaste\/?page_id=44"},"modified":"2023-03-19T19:03:37","modified_gmt":"2023-03-19T19:03:37","slug":"hakkimizda","status":"publish","type":"page","link":"https:\/\/alararestaurant.com\/de\/hakkimizda","title":{"rendered":"\u00dcber uns"},"content":{"rendered":"<div data-elementor-type=\"wp-page\" data-elementor-id=\"44\" class=\"elementor elementor-44\">\n\t\t\t\t\t\t<section class=\"elementor-section elementor-top-section elementor-element elementor-element-6650a3b elementor-section-full_width elementor-section-height-default elementor-section-height-default\" data-id=\"6650a3b\" data-element_type=\"section\">\n\t\t\t\t\t\t<div class=\"elementor-container elementor-column-gap-default\">\n\t\t\t\t\t<div class=\"elementor-column elementor-col-100 elementor-top-column elementor-element elementor-element-68e8402\" data-id=\"68e8402\" data-element_type=\"column\">\n\t\t\t<div class=\"elementor-widget-wrap elementor-element-populated\">\n\t\t\t\t\t\t<div class=\"elementor-element elementor-element-1f6de0b elementor-widget elementor-widget-heritaste_about_us_v2\" data-id=\"1f6de0b\" data-element_type=\"widget\" data-widget_type=\"heritaste_about_us_v2.default\">\n\t\t\t\t<div class=\"elementor-widget-container\">\n\t\t\t\t\t\t\n    <!-- about-style-two -->\n    <section class=\"about-style-two about-page\">\n        <div class=\"auto-container\">\n            <div class=\"row clearfix\">\n                <div class=\"col-lg-6 col-md-12 col-sm-12 image-column\">\n                    <div class=\"image-block-three\">\n                                                <div class=\"image-box\">\n                        \t                            <div class=\"image-shape\" style=\"background-image: url(https:\/\/alararestaurant.com\/wp-content\/themes\/alararestaurant\/assets\/images\/shape\/shape-53.png);\"><\/div>\n                            \t\t\t\t\t\t\t<figure class=\"image image-1\"><img decoding=\"async\" src=\"https:\/\/alararestaurant.com\/wp-content\/uploads\/2023\/03\/51A1651-1-scaled-e1677831821313.jpg\" alt=\"Awesome Image\"><\/figure>                            <figure class=\"image image-2\"><img decoding=\"async\" src=\"https:\/\/alararestaurant.com\/wp-content\/uploads\/2023\/03\/51A1660-scaled-e1677831769611.jpg\" alt=\"Awesome Image\"><\/figure>                                                        <div class=\"text\">\n                            \t                                <div class=\"text-shape\" style=\"background-image: url(https:\/\/alararestaurant.com\/wp-content\/themes\/alararestaurant\/assets\/images\/shape\/shape-54.png);\"><\/div>\n                                                                <span class=\"special-font\">Seit 1975<\/span>\n                            <\/div>\n                                                    <\/div>\n                                            <\/div>\n                <\/div>\n                <div class=\"col-lg-6 col-md-12 col-sm-12 content-column\">\n                    <div class=\"content-block-three\">\n                        <div class=\"content-box\">\n                                                        <div class=\"sec-title\">\n                                <span class=\"sub-title\">Die meisten sch\u00f6ne Pr\u00e4sentation der lokalen Geschmack<\/span>                                <h2>Alara Restaurant<\/h2>                            <\/div>\n                                                        <div class=\"inner-box\">\n                                                                <div class=\"shape\" style=\"background-image: url(https:\/\/alararestaurant.com\/wp-content\/themes\/alararestaurant\/assets\/images\/shape\/shape-55.png);\"><\/div>\n                                \t\t\t\t\t\t\t\t                                <div class=\"text\">\n                                    <h5>Exquisite K\u00fcche, einzigartige Landschaften<\/h5>                                    <p>Alara Restaurant, Muratpa\u015fa, Antalya Bezirk, gibt es ein restaurant. Das restaurant hat eine tolle Lage am Rande des Meeres, und es bietet eine einzigartige Sicht auf seine Kunden. Die eleganten, modernen Stil restaurant Dekoration mit Kunden, bietet eine komfortable Umgebung, wo Sie k\u00f6nnen genie\u00dfen Ihre Lebensmittel.<br><br>\nAlara Restaurant, einem restaurant mit t\u00fcrkischer K\u00fcche. Die Speisekarte mit regionalen Gerichten, sowie die beliebtesten Gerichten der t\u00fcrkischen K\u00fcche. Auf der Speisekarte des Restaurants Gerichte mit frischen und nat\u00fcrlichen Zutaten. In diese Weise, die Kunden sind zufrieden und jedes mal, wenn es um den Geschmack von der Qualit\u00e4t der Lebensmittel.<br><br>\n\nAlara restaurant-Betreiber zur Erf\u00fcllung der Erwartungen Ihrer Kunden, Sie tun Ihr bestes. Das Personal im restaurant sind freundlich und herzlicher service. Die Aufmerksamkeit der Kunden erf\u00fcllt werden mit dem freundlichen Personal im restaurant und machen Sie f\u00fchlen sich spezielle.<br><br>\n\nAlara ist ein Idealer Ort f\u00fcr Besondere Veranstaltungen und Partys im restaurant auch. Das restaurant hat einen besonderen Abschnitt vorbehalten f\u00fcr private Veranstaltungen und bietet einen professionellen service f\u00fcr die Kunden.<br><br>\n\nAls Ergebnis, die Alara-restaurant, befindet sich in Antalya, bietet eine unvergessliche Erfahrung, um Kunden mit leckerem Essen und einer wunderbaren Aussicht. Restaurant mit aufmerksamen service und die Qualit\u00e4t ist immer die erste Wahl unter den Kunden Aufmerksamkeit und management.<\/p>                                <\/div>\n                                                                                                <ul class=\"list-item clearfix\">\n\t\t\t\t\t\t\t\t\t                                      <li><i class=\"flaticon-chef-1\"><\/i>Das Meer, die Sonne, der Geschmack.<\/li>\n                                                                          <li><i class=\"flaticon-restaurant-2\"><\/i>Frische Zutaten, tolle Aromen.<\/li>\n                                                                          <li><i class=\"flaticon-food-tray\"><\/i>Eine unverzichtbare Adresse f\u00fcr den guten Geschmack-Liebhaber.<\/li>\n                                                                     <\/ul>\n                                                                <div class=\"author-box\">\n                                    <figure class=\"signature\"><img decoding=\"async\" src=\"https:\/\/alararestaurant.com\/wp-content\/uploads\/2022\/08\/signature-3.png\" alt=\"Awesome Image\"><\/figure>                                                                        <div class=\"author-info\">\n                                        <h3>Alara Restaurant<\/h3>                                        <h6>\/ ANTALYA<\/h6>                                    <\/div>\n                                                                    <\/div>\n                            <\/div>\n                        <\/div>\n                    <\/div>\n                <\/div>\n            <\/div>\n        <\/div>\n    <\/section>\n    <!-- about-style-two end -->       \n        \n        \t\t\t\t<\/div>\n\t\t\t\t<\/div>\n\t\t\t\t\t<\/div>\n\t\t<\/div>\n\t\t\t\t\t<\/div>\n\t\t<\/section>\n\t\t\t\t<\/div>","protected":false},"excerpt":{"rendered":"<p>Since 1975 Yerel lezzetlerin en g\u00fczel sunumu Alara Restaurant Enfes yemekler, e\u015fsiz manzaralar Alara Restaurant, Antalya&#8217;n\u0131n Muratpa\u015fa il\u00e7esinde yer alan bir restorand\u0131r. Restoran\u0131n, deniz kenar\u0131nda bulunan muhte\u015fem bir konumu vard\u0131r ve m\u00fc\u015fterilerine e\u015fsiz bir manzara sunar. Restoran\u0131n \u015f\u0131k dekorasyonu ve modern tarz\u0131, m\u00fc\u015fterilerin keyifle yemek yiyebilecekleri rahat bir ortam sa\u011flar. Alara Restaurant, T\u00fcrk mutfa\u011f\u0131ndan \u00f6rnekler [&hellip;]<\/p>","protected":false},"author":1,"featured_media":0,"parent":0,"menu_order":0,"comment_status":"closed","ping_status":"closed","template":"tpl-default-elementor.php","meta":{"footnotes":""},"class_list":["post-44","page","type-page","status-publish","hentry"],"_links":{"self":[{"href":"https:\/\/alararestaurant.com\/de\/wp-json\/wp\/v2\/pages\/44","targetHints":{"allow":["GET"]}}],"collection":[{"href":"https:\/\/alararestaurant.com\/de\/wp-json\/wp\/v2\/pages"}],"about":[{"href":"https:\/\/alararestaurant.com\/de\/wp-json\/wp\/v2\/types\/page"}],"author":[{"embeddable":true,"href":"https:\/\/alararestaurant.com\/de\/wp-json\/wp\/v2\/users\/1"}],"replies":[{"embeddable":true,"href":"https:\/\/alararestaurant.com\/de\/wp-json\/wp\/v2\/comments?post=44"}],"version-history":[{"count":0,"href":"https:\/\/alararestaurant.com\/de\/wp-json\/wp\/v2\/pages\/44\/revisions"}],"wp:attachment":[{"href":"https:\/\/alararestaurant.com\/de\/wp-json\/wp\/v2\/media?parent=44"}],"curies":[{"name":"wp","href":"https:\/\/api.w.org\/{rel}","templated":true}]}}