{"id":31,"date":"2022-07-22T13:44:47","date_gmt":"2022-07-22T13:44:47","guid":{"rendered":"https:\/\/fastwpdemo.com\/newwp\/heritaste\/?page_id=31"},"modified":"2025-02-12T11:07:08","modified_gmt":"2025-02-12T11:07:08","slug":"anasayfa","status":"publish","type":"page","link":"https:\/\/alararestaurant.com\/de\/","title":{"rendered":"Homepage"},"content":{"rendered":"<div data-elementor-type=\"wp-page\" data-elementor-id=\"31\" class=\"elementor elementor-31\">\n\t\t\t\t\t\t<section class=\"elementor-section elementor-top-section elementor-element elementor-element-981ce52 elementor-section-full_width elementor-section-height-default elementor-section-height-default\" data-id=\"981ce52\" data-element_type=\"section\">\n\t\t\t\t\t\t<div class=\"elementor-container elementor-column-gap-default\">\n\t\t\t\t\t<div class=\"elementor-column elementor-col-100 elementor-top-column elementor-element elementor-element-97b0b42\" data-id=\"97b0b42\" data-element_type=\"column\">\n\t\t\t<div class=\"elementor-widget-wrap elementor-element-populated\">\n\t\t\t\t\t\t<div class=\"elementor-element elementor-element-9821fd2 elementor-widget elementor-widget-heritaste_banner_v3\" data-id=\"9821fd2\" data-element_type=\"widget\" data-widget_type=\"heritaste_banner_v3.default\">\n\t\t\t\t<div class=\"elementor-widget-container\">\n\t\t\t\t\t    \n    <!-- banner-section -->\n    <section class=\"banner-style-three\">\n        <div class=\"banner-carousel owl-theme owl-carousel owl-nav-none\">\n                        <div class=\"slide-item\">\n                                <div class=\"image-layer\" style=\"background-image:url(https:\/\/alararestaurant.com\/wp-content\/uploads\/2023\/03\/DSCF1016.jpg)\"><\/div>\n                                <div class=\"content-inner\">\n                    <div class=\"content-box\">\n                        <h2>Alara Antalya Restaurant<\/h2>\n                        <p>Es ist ein wunderbarer Anblick, erg\u00e4nzen Sie Ihr Kulinarisches Erlebnis<\/p>\n                                            <\/div>  \n                <\/div>\n            <\/div>\n                        <div class=\"slide-item style-two\">\n                                <div class=\"image-layer\" style=\"background-image:url(https:\/\/alararestaurant.com\/wp-content\/uploads\/2023\/03\/8C1A9056.jpg)\"><\/div>\n                                <div class=\"content-inner\">\n                    <div class=\"content-box\">\n                        <h2>Einzigartige mediterrane K\u00fcche<\/h2>\n                        <p>Die meisten Proben ist ein gro\u00dfartiges restaurant, das leckeres.<\/p>\n                                            <\/div>  \n                <\/div>\n            <\/div>\n                    <\/div>\n    <\/section>\n    <!-- banner-section end -->\n        \n        \t\t\t\t<\/div>\n\t\t\t\t<\/div>\n\t\t\t\t\t<\/div>\n\t\t<\/div>\n\t\t\t\t\t<\/div>\n\t\t<\/section>\n\t\t\t\t<section class=\"elementor-section elementor-top-section elementor-element elementor-element-64a4482 elementor-section-full_width elementor-section-height-default elementor-section-height-default\" data-id=\"64a4482\" data-element_type=\"section\">\n\t\t\t\t\t\t<div class=\"elementor-container elementor-column-gap-default\">\n\t\t\t\t\t<div class=\"elementor-column elementor-col-100 elementor-top-column elementor-element elementor-element-39fe7d1\" data-id=\"39fe7d1\" data-element_type=\"column\">\n\t\t\t<div class=\"elementor-widget-wrap elementor-element-populated\">\n\t\t\t\t\t\t<div class=\"elementor-element elementor-element-56da2c0 elementor-widget elementor-widget-heritaste_about_us_v2\" data-id=\"56da2c0\" data-element_type=\"widget\" data-widget_type=\"heritaste_about_us_v2.default\">\n\t\t\t\t<div class=\"elementor-widget-container\">\n\t\t\t\t\t\t\n    <!-- about-style-two -->\n    <section class=\"about-style-two about-page\">\n        <div class=\"auto-container\">\n            <div class=\"row clearfix\">\n                <div class=\"col-lg-6 col-md-12 col-sm-12 image-column\">\n                    <div class=\"image-block-three\">\n                                                <div class=\"image-box\">\n                        \t                            <div class=\"image-shape\" style=\"background-image: url(https:\/\/alararestaurant.com\/wp-content\/themes\/alararestaurant\/assets\/images\/shape\/shape-53.png);\"><\/div>\n                            \t\t\t\t\t\t\t                            <figure class=\"image image-2\"><img decoding=\"async\" src=\"https:\/\/alararestaurant.com\/wp-content\/uploads\/2023\/03\/51A1651-scaled.jpg\" alt=\"Awesome Image\"><\/figure>                                                        <div class=\"text\">\n                            \t                                <div class=\"text-shape\" style=\"background-image: url(https:\/\/alararestaurant.com\/wp-content\/themes\/alararestaurant\/assets\/images\/shape\/shape-54.png);\"><\/div>\n                                                                <span class=\"special-font\">Seit 1975<\/span>\n                            <\/div>\n                                                    <\/div>\n                                            <\/div>\n                <\/div>\n                <div class=\"col-lg-6 col-md-12 col-sm-12 content-column\">\n                    <div class=\"content-block-three\">\n                        <div class=\"content-box\">\n                                                        <div class=\"sec-title\">\n                                <span class=\"sub-title\">Die meisten sch\u00f6ne Pr\u00e4sentation der lokalen Geschmack<\/span>                                <h2>Alara Restaurant<\/h2>                            <\/div>\n                                                        <div class=\"inner-box\">\n                                                                <div class=\"shape\" style=\"background-image: url(https:\/\/alararestaurant.com\/wp-content\/themes\/alararestaurant\/assets\/images\/shape\/shape-55.png);\"><\/div>\n                                \t\t\t\t\t\t\t\t                                <div class=\"text\">\n                                    <h5>Exquisite K\u00fcche, einzigartige Landschaften<\/h5>                                    <p>Alara Restaurant, Muratpa\u015fa, Antalya Bezirk, gibt es ein restaurant. Das restaurant hat eine tolle Lage am Rande des Meeres, und es bietet eine einzigartige Sicht auf seine Kunden. Die eleganten, modernen Stil restaurant Dekoration mit Kunden, bietet eine komfortable Umgebung, wo Sie k\u00f6nnen genie\u00dfen Ihre Lebensmittel.<br><br>\nAlara Restaurant, einem restaurant mit t\u00fcrkischer K\u00fcche. Die Speisekarte mit regionalen Gerichten, sowie die beliebtesten Gerichten der t\u00fcrkischen K\u00fcche. Auf der Speisekarte des Restaurants Gerichte mit frischen und nat\u00fcrlichen Zutaten. In diese Weise, die Kunden sind zufrieden und jedes mal, wenn es um den Geschmack von der Qualit\u00e4t der Lebensmittel.<\/p>                                <\/div>\n                                                                                                <ul class=\"list-item clearfix\">\n\t\t\t\t\t\t\t\t\t                                      <li><i class=\"flaticon-chef-1\"><\/i>Das Meer, die Sonne, der Geschmack.<\/li>\n                                                                          <li><i class=\"flaticon-restaurant-2\"><\/i>Frische Zutaten, tolle Aromen.<\/li>\n                                                                          <li><i class=\"flaticon-food-tray\"><\/i>Eine unverzichtbare Adresse f\u00fcr den guten Geschmack-Liebhaber.<\/li>\n                                                                     <\/ul>\n                                                                <div class=\"author-box\">\n                                    <figure class=\"signature\"><img decoding=\"async\" src=\"https:\/\/alararestaurant.com\/wp-content\/uploads\/2022\/08\/signature-3.png\" alt=\"Awesome Image\"><\/figure>                                                                        <div class=\"author-info\">\n                                        <h3>Alara Restaurant<\/h3>                                        <h6>\/ ANTALYA<\/h6>                                    <\/div>\n                                                                    <\/div>\n                            <\/div>\n                        <\/div>\n                    <\/div>\n                <\/div>\n            <\/div>\n        <\/div>\n    <\/section>\n    <!-- about-style-two end -->       \n        \n        \t\t\t\t<\/div>\n\t\t\t\t<\/div>\n\t\t\t\t\t<\/div>\n\t\t<\/div>\n\t\t\t\t\t<\/div>\n\t\t<\/section>\n\t\t\t\t<section class=\"elementor-section elementor-top-section elementor-element elementor-element-4381c87 elementor-section-full_width elementor-section-height-default elementor-section-height-default\" data-id=\"4381c87\" data-element_type=\"section\">\n\t\t\t\t\t\t<div class=\"elementor-container elementor-column-gap-default\">\n\t\t\t\t\t<div class=\"elementor-column elementor-col-100 elementor-top-column elementor-element elementor-element-c0018b9\" data-id=\"c0018b9\" data-element_type=\"column\">\n\t\t\t<div class=\"elementor-widget-wrap elementor-element-populated\">\n\t\t\t\t\t\t<div class=\"elementor-element elementor-element-ef199cd elementor-widget elementor-widget-heritaste_why_choose_us\" data-id=\"ef199cd\" data-element_type=\"widget\" data-widget_type=\"heritaste_why_choose_us.default\">\n\t\t\t\t<div class=\"elementor-widget-container\">\n\t\t\t\t\t    \n    <!-- chooseus-section -->\n    <section class=\"chooseus-section bg-color-1\">\n        <div class=\"auto-container\">\n            <div class=\"row clearfix\">\n                                <div class=\"col-lg-4 col-md-6 col-sm-12 chooseus-block\">\n                    <div class=\"chooseus-block-one wow fadeInLeft animated\" data-wow-delay=\"600ms\" data-wow-duration=\"1500ms\">\n                        <div class=\"inner-box\">\n                            <div class=\"shape\" style=\"background-image: url(https:\/\/alararestaurant.com\/wp-content\/themes\/alararestaurant\/assets\/images\/shape\/shape-39.png);\"><\/div>\n                            <div class=\"icon-box\">\n                                <span class=\"count-text special-font\">01<\/span>\n                                <div class=\"icon\"><i class=\"flaticon-clock\"><\/i><\/div>\n                            <\/div>\n                            <h3>Einzigartige mediterrane K\u00fcche<\/h3>                            <p>Alara Restaurant ist ein gro\u00dfartiges restaurant, das Ihnen k\u00f6stliche mediterrane K\u00fcche einzigartig.<\/p>                            <a href=\"tel:(0242)%20247%2001%2001\" class=\"theme-btn-one\"><span>DEZ SOFORT<\/span><\/a>                        <\/div>\n                    <\/div>\n                <\/div>\n                                <div class=\"col-lg-4 col-md-6 col-sm-12 chooseus-block\">\n                    <div class=\"chooseus-block-one wow fadeInLeft animated\" data-wow-delay=\"600ms\" data-wow-duration=\"1500ms\">\n                        <div class=\"inner-box\">\n                            <div class=\"shape\" style=\"background-image: url(https:\/\/alararestaurant.com\/wp-content\/themes\/alararestaurant\/assets\/images\/shape\/shape-39.png);\"><\/div>\n                            <div class=\"icon-box\">\n                                <span class=\"count-text special-font\">02<\/span>\n                                <div class=\"icon\"><i class=\"flaticon-rice\"><\/i><\/div>\n                            <\/div>\n                            <h3>Erfahrene K\u00f6che mit frischen, lokalen Zutaten<\/h3>                            <p>Das restaurant ist erfahrener K\u00f6che Alara frisch, mit Zutaten zubereiten der k\u00f6stlichen Gerichte.<\/p>                            <a href=\"tel:(0242)%20247%2001%2001\" class=\"theme-btn-one\"><span>DEZ SOFORT<\/span><\/a>                        <\/div>\n                    <\/div>\n                <\/div>\n                                <div class=\"col-lg-4 col-md-6 col-sm-12 chooseus-block\">\n                    <div class=\"chooseus-block-one wow fadeInLeft animated\" data-wow-delay=\"600ms\" data-wow-duration=\"1500ms\">\n                        <div class=\"inner-box\">\n                            <div class=\"shape\" style=\"background-image: url(https:\/\/alararestaurant.com\/wp-content\/themes\/alararestaurant\/assets\/images\/shape\/shape-39.png);\"><\/div>\n                            <div class=\"icon-box\">\n                                <span class=\"count-text special-font\">03<\/span>\n                                <div class=\"icon\"><i class=\"flaticon-candle\"><\/i><\/div>\n                            <\/div>\n                            <h3>Genie\u00dfen Sie die sch\u00f6ne Natur von Antalya<\/h3>                            <p>Set in Antalya, genie\u00dfen Sie die sch\u00f6ne Natur von Alara Restaurant bietet leckere Speisen und ein unvergessliches Kulinarisches Erlebnis mit wunderbarer Aussicht.\n<\/p>                            <a href=\"tel:(0242)%20247%2001%2001\" class=\"theme-btn-one\"><span>DEZ SOFORT<\/span><\/a>                        <\/div>\n                    <\/div>\n                <\/div>\n                            <\/div>\n        <\/div>\n    <\/section>\n    <!-- chooseus-section end -->\n        \n            \n        \t\t\t\t<\/div>\n\t\t\t\t<\/div>\n\t\t\t\t<div class=\"elementor-element elementor-element-fc2b0c5 elementor-widget elementor-widget-heading\" data-id=\"fc2b0c5\" data-element_type=\"widget\" data-widget_type=\"heading.default\">\n\t\t\t\t<div class=\"elementor-widget-container\">\n\t\t\t\t\t<h2 class=\"elementor-heading-title elementor-size-default\">Bewertungen Von Unseren Kunden<\/h2>\t\t\t\t<\/div>\n\t\t\t\t<\/div>\n\t\t\t\t\t<\/div>\n\t\t<\/div>\n\t\t\t\t\t<\/div>\n\t\t<\/section>\n\t\t\t\t<section class=\"elementor-section elementor-top-section elementor-element elementor-element-3bb21f5 elementor-section-boxed elementor-section-height-default elementor-section-height-default\" data-id=\"3bb21f5\" data-element_type=\"section\">\n\t\t\t\t\t\t<div class=\"elementor-container elementor-column-gap-default\">\n\t\t\t\t\t<div class=\"elementor-column elementor-col-100 elementor-top-column elementor-element elementor-element-cb25505\" data-id=\"cb25505\" data-element_type=\"column\">\n\t\t\t<div class=\"elementor-widget-wrap elementor-element-populated\">\n\t\t\t\t\t\t<div class=\"elementor-element elementor-element-b0a7a73 elementor-widget elementor-widget-heritaste_our_testimonial_v1\" data-id=\"b0a7a73\" data-element_type=\"widget\" data-widget_type=\"heritaste_our_testimonial_v1.default\">\n\t\t\t\t<div class=\"elementor-widget-container\">\n\t\t\t\t\t\t\t\n    <!-- testimonial-section -->\n    <section class=\"testimonial-section centred\">\n                        <div class=\"quote\">\n            <div class=\"quote-1\" style=\"background-image: url(https:\/\/alararestaurant.com\/wp-content\/themes\/alararestaurant\/assets\/images\/icons\/icon-6.png);\"><\/div>\n            <div class=\"quote-2\" style=\"background-image: url(https:\/\/alararestaurant.com\/wp-content\/themes\/alararestaurant\/assets\/images\/icons\/icon-7.png);\"><\/div>\n        <\/div>\n                        <div class=\"auto-container\">\n            <div class=\"inner-container\">\n                <div class=\"single-item-carousel owl-carousel owl-theme nav-style-one owl-dots-none\">\n                                        <div class=\"testimonial-block-one\">\n                        <div class=\"inner-box\">\n                            <div class=\"bg-shape\" style=\"background-image: url(https:\/\/alararestaurant.com\/wp-content\/themes\/alararestaurant\/assets\/images\/shape\/shape-13.png);\"><\/div>\n                            <figure class=\"thumb-box\"><\/figure>                            \n                            <ul class=\"rating clearfix\">\n\t\t\t\t\t\t\t\t<li><i class=\"flaticon-star\"><\/i><\/li><li><i class=\"flaticon-star\"><\/i><\/li><li><i class=\"flaticon-star\"><\/i><\/li><li><i class=\"flaticon-star\"><\/i><\/li><li><i class=\"flaticon-star\"><\/i><\/li> \n                            <\/ul>                           \n                            <p>Am Eingang ist ein Ort, der Sie beeinflussen k\u00f6nnen mehr. Willkommen und Aufmerksamkeit auf h\u00f6chstem Niveau. Die Landschaft ist wunderbar. Das Essen war wirklich lecker. Ich w\u00fcrde nicht sagen, dass der Preis zu teuer ist.<\/p>\n                            <h3>Kadi C.<\/h3>\n                            <span class=\"designation\"><\/span>\n                        <\/div>\n                    <\/div>\n                                        <div class=\"testimonial-block-one\">\n                        <div class=\"inner-box\">\n                            <div class=\"bg-shape\" style=\"background-image: url(https:\/\/alararestaurant.com\/wp-content\/themes\/alararestaurant\/assets\/images\/shape\/shape-13.png);\"><\/div>\n                            <figure class=\"thumb-box\"><\/figure>                            \n                            <ul class=\"rating clearfix\">\n\t\t\t\t\t\t\t\t<li><i class=\"flaticon-star\"><\/i><\/li><li><i class=\"flaticon-star\"><\/i><\/li><li><i class=\"flaticon-star\"><\/i><\/li><li><i class=\"flaticon-star\"><\/i><\/li><li><i class=\"flaticon-star\"><\/i><\/li> \n                            <\/ul>                           \n                            <p>Wir hatten unsere Weihnachten Nacht restaurant ALARA 2023 Einleitung..voll.. der Ort wurde geschm\u00fcckt, vorbereitet f\u00fcr Silvester-G\u00e4ste, es ist nicht eine gew\u00f6hnliche Abendessen, eine Besondere Nacht der Unterhaltung, Sie kamen, um ...<\/p>\n                            <h3>G\u00fcrol G.<\/h3>\n                            <span class=\"designation\"><\/span>\n                        <\/div>\n                    <\/div>\n                                        <div class=\"testimonial-block-one\">\n                        <div class=\"inner-box\">\n                            <div class=\"bg-shape\" style=\"background-image: url(https:\/\/alararestaurant.com\/wp-content\/themes\/alararestaurant\/assets\/images\/shape\/shape-13.png);\"><\/div>\n                            <figure class=\"thumb-box\"><\/figure>                            \n                            <ul class=\"rating clearfix\">\n\t\t\t\t\t\t\t\t<li><i class=\"flaticon-star\"><\/i><\/li><li><i class=\"flaticon-star\"><\/i><\/li><li><i class=\"flaticon-star\"><\/i><\/li><li><i class=\"flaticon-star\"><\/i><\/li><li><i class=\"flaticon-star\"><\/i><\/li> \n                            <\/ul>                           \n                            <p>Alles war Super, und die Fischgerichte waren sehr lecker.Der gentleman, der interviewte uns f\u00fcr Buchung und wir k\u00fcmmern uns um die Dame war sehr freundlich.Ich danke Ihnen so sehr f\u00fcr alles.<\/p>\n                            <h3>Mayday-T.<\/h3>\n                            <span class=\"designation\"><\/span>\n                        <\/div>\n                    <\/div>\n                                        <div class=\"testimonial-block-one\">\n                        <div class=\"inner-box\">\n                            <div class=\"bg-shape\" style=\"background-image: url(https:\/\/alararestaurant.com\/wp-content\/themes\/alararestaurant\/assets\/images\/shape\/shape-13.png);\"><\/div>\n                            <figure class=\"thumb-box\"><\/figure>                            \n                            <ul class=\"rating clearfix\">\n\t\t\t\t\t\t\t\t<li><i class=\"flaticon-star\"><\/i><\/li><li><i class=\"flaticon-star\"><\/i><\/li><li><i class=\"flaticon-star\"><\/i><\/li><li><i class=\"flaticon-star\"><\/i><\/li><li><i class=\"flaticon-star\"><\/i><\/li> \n                            <\/ul>                           \n                            <p>Restaurant des Jahres, in dem Atat\u00fcrk Park.Die Landschaft ist spektakul\u00e4r, das Wetter ist sch\u00f6n, wenn Sie Ihre Mahlzeit ist definitiv da drau\u00dfen...ich w\u00fcrde Sie empfehlen, Essen haupts\u00e4chlich Fisch, aber das Men\u00fc ist sehr Reich an Fleisch.Preise Vorspeisen erfolgreich unter den heutigen Bedingungen ...<\/p>\n                            <h3>Fahrettin S.<\/h3>\n                            <span class=\"designation\"><\/span>\n                        <\/div>\n                    <\/div>\n                                        <div class=\"testimonial-block-one\">\n                        <div class=\"inner-box\">\n                            <div class=\"bg-shape\" style=\"background-image: url(https:\/\/alararestaurant.com\/wp-content\/themes\/alararestaurant\/assets\/images\/shape\/shape-13.png);\"><\/div>\n                            <figure class=\"thumb-box\"><\/figure>                            \n                            <ul class=\"rating clearfix\">\n\t\t\t\t\t\t\t\t<li><i class=\"flaticon-star\"><\/i><\/li><li><i class=\"flaticon-star\"><\/i><\/li><li><i class=\"flaticon-star\"><\/i><\/li><li><i class=\"flaticon-star\"><\/i><\/li><li><i class=\"flaticon-star\"><\/i><\/li> \n                            <\/ul>                           \n                            <p>Die Unterseite der Klippen, spektakul\u00e4re Ausblicke, frische Meeresluft und die Dorade ist lecker... ich kam mir mit meiner Freundin. Es war ein sch\u00f6ner moment...<\/p>\n                            <h3>\ua9c1 Diamant-E.<\/h3>\n                            <span class=\"designation\"><\/span>\n                        <\/div>\n                    <\/div>\n                     \n                <\/div>\n            <\/div>\n        <\/div>\n    <\/section>\n    <!-- testimonial-section end -->        \n        \n        \n        \t\t\t\t<\/div>\n\t\t\t\t<\/div>\n\t\t\t\t\t<\/div>\n\t\t<\/div>\n\t\t\t\t\t<\/div>\n\t\t<\/section>\n\t\t\t\t<section class=\"elementor-section elementor-top-section elementor-element elementor-element-fa132d4 elementor-section-full_width elementor-section-height-default elementor-section-height-default\" data-id=\"fa132d4\" data-element_type=\"section\">\n\t\t\t\t\t\t<div class=\"elementor-container elementor-column-gap-default\">\n\t\t\t\t\t<div class=\"elementor-column elementor-col-100 elementor-top-column elementor-element elementor-element-8dd8b7d\" data-id=\"8dd8b7d\" data-element_type=\"column\">\n\t\t\t<div class=\"elementor-widget-wrap elementor-element-populated\">\n\t\t\t\t\t\t<div class=\"elementor-element elementor-element-43c3ca6 elementor-widget elementor-widget-google_maps\" data-id=\"43c3ca6\" data-element_type=\"widget\" data-widget_type=\"google_maps.default\">\n\t\t\t\t<div class=\"elementor-widget-container\">\n\t\t\t\t\t\t\t<div class=\"elementor-custom-embed\">\n\t\t\t<iframe loading=\"lazy\"\n\t\t\t\t\tsrc=\"https:\/\/maps.google.com\/maps?q=Alara%20Restaurant%20Konyaalt%C4%B1&#038;t=m&#038;z=16&#038;output=embed&#038;iwloc=near\"\n\t\t\t\t\ttitle=\"Alara Restaurant Konyaalt\u0131\"\n\t\t\t\t\taria-label=\"Alara Restaurant Konyaalt\u0131\"\n\t\t\t><\/iframe>\n\t\t<\/div>\n\t\t\t\t\t\t<\/div>\n\t\t\t\t<\/div>\n\t\t\t\t\t<\/div>\n\t\t<\/div>\n\t\t\t\t\t<\/div>\n\t\t<\/section>\n\t\t\t\t<\/div>","protected":false},"excerpt":{"rendered":"<p>Antalya Alara Restaurant Yemek deneyiminizi tamamlayacak harika bir manzara E\u015fsiz Akdeniz mutfa\u011f\u0131 En lezzetli \u00f6rneklerini sunan harika bir restoran. Since 1975 Yerel lezzetlerin en g\u00fczel sunumu Alara Restaurant Enfes yemekler, e\u015fsiz manzaralar Alara Restaurant, Antalya&#8217;n\u0131n Muratpa\u015fa il\u00e7esinde yer alan bir restorand\u0131r. Restoran\u0131n, deniz kenar\u0131nda bulunan muhte\u015fem bir konumu vard\u0131r ve m\u00fc\u015fterilerine e\u015fsiz bir manzara sunar. [&hellip;]<\/p>","protected":false},"author":1,"featured_media":0,"parent":0,"menu_order":0,"comment_status":"closed","ping_status":"closed","template":"elementor_header_footer","meta":{"footnotes":""},"class_list":["post-31","page","type-page","status-publish","hentry"],"_links":{"self":[{"href":"https:\/\/alararestaurant.com\/de\/wp-json\/wp\/v2\/pages\/31","targetHints":{"allow":["GET"]}}],"collection":[{"href":"https:\/\/alararestaurant.com\/de\/wp-json\/wp\/v2\/pages"}],"about":[{"href":"https:\/\/alararestaurant.com\/de\/wp-json\/wp\/v2\/types\/page"}],"author":[{"embeddable":true,"href":"https:\/\/alararestaurant.com\/de\/wp-json\/wp\/v2\/users\/1"}],"replies":[{"embeddable":true,"href":"https:\/\/alararestaurant.com\/de\/wp-json\/wp\/v2\/comments?post=31"}],"version-history":[{"count":0,"href":"https:\/\/alararestaurant.com\/de\/wp-json\/wp\/v2\/pages\/31\/revisions"}],"wp:attachment":[{"href":"https:\/\/alararestaurant.com\/de\/wp-json\/wp\/v2\/media?parent=31"}],"curies":[{"name":"wp","href":"https:\/\/api.w.org\/{rel}","templated":true}]}}